{"id":1242,"date":"2025-09-16T20:37:49","date_gmt":"2025-09-16T20:37:49","guid":{"rendered":"https:\/\/hofberg-freilichttheater.de\/?page_id=1242"},"modified":"2025-09-16T20:37:49","modified_gmt":"2025-09-16T20:37:49","slug":"beiritt","status":"publish","type":"page","link":"https:\/\/hofberg-freilichttheater.de\/?page_id=1242","title":{"rendered":"Beitritt zur Hofbergjugend"},"content":{"rendered":"\n<div style=\"height:100px\" aria-hidden=\"true\" class=\"wp-block-spacer\"><\/div>\n\n\n\n<h2 class=\"wp-block-heading has-vivid-red-color has-text-color has-link-color wp-elements-a26228b59f6bc6eab9ecbdfc077fad70\">Wichtiger Hinweis!<\/h2>\n\n\n\n<p class=\"has-vivid-red-color has-text-color\">Bis auf weiteres k\u00f6nnen aufgrund der Gruppengr\u00f6\u00dfe leider keine neuen Kinder in die Hofbergjugend aufgenommen werden. Wir freuen uns nat\u00fcrlich trotzdem \u00fcber Zuwachs f\u00fcr den gesamten Theaterverein. Bei Fragen wenden Sie sich bitten an unsere Jugendleitung Melanie Bichlmaier unter: <strong>info@hofberg-freilichttheater.de<\/strong><\/p>\n\n\n\n<div style=\"height:100px\" aria-hidden=\"true\" class=\"wp-block-spacer\"><\/div>\n\n\n\n<h2 class=\"wp-block-heading\">Voraussetzungen zum Beitritt:<\/h2>\n\n\n\n<ul class=\"wp-block-list\">\n<li style=\"padding-top:0;padding-right:0;padding-bottom:0;padding-left:0\"><strong>Mitgliedschaft im Verein<\/strong> &#8211; Den Mitgliedsantrag finden Sie <a href=\"https:\/\/hofberg-freilichttheater.de\/images\/verein\/mitgliedsantrag\/aufnahmeantrag.pdf\" data-type=\"link\" data-id=\"https:\/\/hofberg-freilichttheater.de\/images\/verein\/mitgliedsantrag\/aufnahmeantrag.pdf\">hier<\/a>\n<ul class=\"wp-block-list\">\n<li><sub>Da die Aktivit\u00e4ten der Hofbergjugend nur einen geringen Teil des Vereinslebens ausmachen, empfehlen wir aus versicherungs- und informationstechnischen Gr\u00fcnden, dass mindestens eine Aufsichtsperson ebenfalls Mitglied im Verein wird<\/sub><\/li>\n<\/ul>\n<\/li>\n\n\n\n<li style=\"padding-top:var(--wp--preset--spacing--30);padding-right:0;padding-bottom:var(--wp--preset--spacing--30);padding-left:0\"><strong>Aufsichtsperson <\/strong>&#8211; die Jugendleitung \u00fcbernimmt <strong>nur w\u00e4hrend den Hofbergjugendtreffen<\/strong> die Verantwortung f\u00fcr die Kinder. Damit die Kinder auch an den Veranstaltungen des gesamten Vereins teilnehmen k\u00f6nnen, ist es wichtig, dass auch hier eine Aufsichtsperson anwesend ist.<\/li>\n\n\n\n<li><strong>Schulalter <\/strong>&#8211; Zudem sollten die Kinder in der Lage sein, Regeln zu befolgen und sich in eine Gruppe integrieren k\u00f6nnen.<\/li>\n\n\n\n<li style=\"padding-top:var(--wp--preset--spacing--30);padding-bottom:var(--wp--preset--spacing--30)\"><strong>Disziplin, warten zu k\u00f6nnen <\/strong>&#8211; Theaterproben und -auff\u00fchrungen k\u00f6nnen f\u00fcr Kinder anstrengend sein, da sie eigene Interessen zu Gunsten der Gruppe und des St\u00fccks oftmals hinten anstellen m\u00fcssen. Die Kinder m\u00fcssen hierzu in der Lage sein.<\/li>\n\n\n\n<li><strong>Aktionen der Hofbergjugend <\/strong>&#8211; Der Alltag der Hofbergjugend besteht nicht nur aus dem Theater. Wir planen \u00fcber das gesamte Jahr hinweg Aktionen, an  welchen sich die Kinder gerne beteiligen k\u00f6nnen. Eine zahlreiche Teilnahme der Kinder ist erw\u00fcnscht, um die Gruppendynamik zu st\u00e4rken\n<ul class=\"wp-block-list\">\n<li><sub>Auch hier wird gerne Hilfe von Eltern angenommen<\/sub><\/li>\n<\/ul>\n<\/li>\n<\/ul>\n\n\n\n<div class=\"wp-block-group has-global-padding is-layout-constrained wp-block-group-is-layout-constrained\">\n<div style=\"height:100px\" aria-hidden=\"true\" class=\"wp-block-spacer\"><\/div>\n<\/div>\n\n\n\n<p class=\"has-text-align-center\"><strong>Bei Fragen d\u00fcrfen Sie sich gerne an unsere Jugendleitung Melanie Bichlmaier wenden. Email: info@hofberg-freilichttheater.de<\/strong><\/p>\n\n\n\n<p><\/p>\n","protected":false},"excerpt":{"rendered":"<p>Wichtiger Hinweis! Bis auf weiteres k\u00f6nnen aufgrund der Gruppengr\u00f6\u00dfe leider keine neuen Kinder in die Hofbergjugend aufgenommen werden. Wir freuen uns nat\u00fcrlich trotzdem \u00fcber Zuwachs f\u00fcr den gesamten Theaterverein. Bei [&hellip;]<\/p>\n","protected":false},"author":1,"featured_media":0,"parent":16,"menu_order":4,"comment_status":"closed","ping_status":"closed","template":"","meta":{"_EventAllDay":false,"_EventTimezone":"","_EventStartDate":"","_EventEndDate":"","_EventStartDateUTC":"","_EventEndDateUTC":"","_EventShowMap":false,"_EventShowMapLink":false,"_EventURL":"","_EventCost":"","_EventCostDescription":"","_EventCurrencySymbol":"","_EventCurrencyCode":"","_EventCurrencyPosition":"","_EventDateTimeSeparator":"","_EventTimeRangeSeparator":"","_EventOrganizerID":[],"_EventVenueID":[],"_OrganizerEmail":"","_OrganizerPhone":"","_OrganizerWebsite":"","_VenueAddress":"","_VenueCity":"","_VenueCountry":"","_VenueProvince":"","_VenueState":"","_VenueZip":"","_VenuePhone":"","_VenueURL":"","_VenueStateProvince":"","_VenueLat":"","_VenueLng":"","_VenueShowMap":false,"_VenueShowMapLink":false,"footnotes":""},"class_list":["post-1242","page","type-page","status-publish","hentry"],"_links":{"self":[{"href":"https:\/\/hofberg-freilichttheater.de\/index.php?rest_route=\/wp\/v2\/pages\/1242","targetHints":{"allow":["GET"]}}],"collection":[{"href":"https:\/\/hofberg-freilichttheater.de\/index.php?rest_route=\/wp\/v2\/pages"}],"about":[{"href":"https:\/\/hofberg-freilichttheater.de\/index.php?rest_route=\/wp\/v2\/types\/page"}],"author":[{"embeddable":true,"href":"https:\/\/hofberg-freilichttheater.de\/index.php?rest_route=\/wp\/v2\/users\/1"}],"replies":[{"embeddable":true,"href":"https:\/\/hofberg-freilichttheater.de\/index.php?rest_route=%2Fwp%2Fv2%2Fcomments&post=1242"}],"version-history":[{"count":1,"href":"https:\/\/hofberg-freilichttheater.de\/index.php?rest_route=\/wp\/v2\/pages\/1242\/revisions"}],"predecessor-version":[{"id":1243,"href":"https:\/\/hofberg-freilichttheater.de\/index.php?rest_route=\/wp\/v2\/pages\/1242\/revisions\/1243"}],"up":[{"embeddable":true,"href":"https:\/\/hofberg-freilichttheater.de\/index.php?rest_route=\/wp\/v2\/pages\/16"}],"wp:attachment":[{"href":"https:\/\/hofberg-freilichttheater.de\/index.php?rest_route=%2Fwp%2Fv2%2Fmedia&parent=1242"}],"curies":[{"name":"wp","href":"https:\/\/api.w.org\/{rel}","templated":true}]}}