{"id":204,"date":"2023-08-03T11:46:06","date_gmt":"2023-08-03T11:46:06","guid":{"rendered":"https:\/\/hofberg-freilichttheater.de\/?page_id=204"},"modified":"2023-08-03T11:46:06","modified_gmt":"2023-08-03T11:46:06","slug":"fotografieren-und-filmen-auf-der-freilichtbuehne","status":"publish","type":"page","link":"https:\/\/hofberg-freilichttheater.de\/?page_id=204","title":{"rendered":"FOTOGRAFIEREN UND FILMEN AUF DER FREILICHTB\u00dcHNE"},"content":{"rendered":"\n<p class=\"has-text-align-center\"><strong>Hofberg-Freilichttheaterverein Schiltberg e.V.<\/strong><\/p>\n\n\n\n<p class=\"has-text-align-center\">(im folgenden HFTV)<\/p>\n\n\n\n<p class=\"has-text-align-center\"><strong>Antrag auf Foto- oder Filmerlaubnis<\/strong><\/p>\n\n\n\n<p class=\"has-text-align-center\">Die folgenden Antr\u00e4ge sind zu richten<\/p>\n\n\n\n<p class=\"has-text-align-center\">schriftlich an Angelika Wei\u00df, Schwertbergstra\u00dfe 18, 86576 Schiltberg<\/p>\n\n\n\n<p class=\"has-text-align-center\">oder<\/p>\n\n\n\n<p class=\"has-text-align-center\">online an&nbsp;<a href=\"mailto:fotografieren@hofberg-freilichttheater.de\">fotografieren@hofberg-freilichttheater.de<\/a><\/p>\n\n\n\n<div class=\"wp-block-group is-nowrap is-layout-flex wp-container-core-group-is-layout-6c531013 wp-block-group-is-layout-flex\">\n<div class=\"wp-block-media-text alignwide is-stacked-on-mobile\" style=\"grid-template-columns:23% auto\"><figure class=\"wp-block-media-text__media\"><a href=\"https:\/\/hofberg-freilichttheater.de\/images\/verein\/fotografieren\/Antrag-auf-Foto--oder-Filmerlaubnis-fr-private-Zwecke-1.pdf\"><img loading=\"lazy\" decoding=\"async\" width=\"150\" height=\"150\" src=\"https:\/\/hofberg-freilichttheater.de\/wp-content\/uploads\/2023\/08\/pdf1-150x150.jpg\" alt=\"\" class=\"wp-image-205 size-thumbnail\" srcset=\"https:\/\/hofberg-freilichttheater.de\/wp-content\/uploads\/2023\/08\/pdf1-150x150.jpg 150w, https:\/\/hofberg-freilichttheater.de\/wp-content\/uploads\/2023\/08\/pdf1-300x300.jpg 300w, https:\/\/hofberg-freilichttheater.de\/wp-content\/uploads\/2023\/08\/pdf1-1024x1024.jpg 1024w, https:\/\/hofberg-freilichttheater.de\/wp-content\/uploads\/2023\/08\/pdf1-768x767.jpg 768w, https:\/\/hofberg-freilichttheater.de\/wp-content\/uploads\/2023\/08\/pdf1.jpg 1379w\" sizes=\"auto, (max-width: 150px) 100vw, 150px\" \/><\/a><\/figure><div class=\"wp-block-media-text__content\">\n<p>Antrag auf Foto- oder Filmerlaubnis f\u00fcr private Zwecke<\/p>\n<\/div><\/div>\n\n\n\n<div class=\"wp-block-media-text alignwide is-stacked-on-mobile\" style=\"grid-template-columns:23% auto\"><figure class=\"wp-block-media-text__media\"><a href=\"https:\/\/hofberg-freilichttheater.de\/images\/verein\/fotografieren\/Antrag-auf-Foto--oder-Filmerlaubnis-fr-kommerziele-Zweckel-1.pdf\"><img loading=\"lazy\" decoding=\"async\" width=\"150\" height=\"150\" src=\"https:\/\/hofberg-freilichttheater.de\/wp-content\/uploads\/2023\/08\/pdf1-150x150.jpg\" alt=\"\" class=\"wp-image-205 size-thumbnail\" srcset=\"https:\/\/hofberg-freilichttheater.de\/wp-content\/uploads\/2023\/08\/pdf1-150x150.jpg 150w, https:\/\/hofberg-freilichttheater.de\/wp-content\/uploads\/2023\/08\/pdf1-300x300.jpg 300w, https:\/\/hofberg-freilichttheater.de\/wp-content\/uploads\/2023\/08\/pdf1-1024x1024.jpg 1024w, https:\/\/hofberg-freilichttheater.de\/wp-content\/uploads\/2023\/08\/pdf1-768x767.jpg 768w, https:\/\/hofberg-freilichttheater.de\/wp-content\/uploads\/2023\/08\/pdf1.jpg 1379w\" sizes=\"auto, (max-width: 150px) 100vw, 150px\" \/><\/a><\/figure><div class=\"wp-block-media-text__content\">\n<p>Antrag auf Foto- oder Filmerlaubnis f\u00fcr kommerzielle Zwecke <\/p>\n<\/div><\/div>\n<\/div>\n","protected":false},"excerpt":{"rendered":"<p>Hofberg-Freilichttheaterverein Schiltberg e.V. (im folgenden HFTV) Antrag auf Foto- oder Filmerlaubnis Die folgenden Antr\u00e4ge sind zu richten schriftlich an Angelika Wei\u00df, Schwertbergstra\u00dfe 18, 86576 Schiltberg oder online an&nbsp;fotografieren@hofberg-freilichttheater.de Antrag auf [&hellip;]<\/p>\n","protected":false},"author":1,"featured_media":0,"parent":0,"menu_order":0,"comment_status":"closed","ping_status":"closed","template":"","meta":{"_EventAllDay":false,"_EventTimezone":"","_EventStartDate":"","_EventEndDate":"","_EventStartDateUTC":"","_EventEndDateUTC":"","_EventShowMap":false,"_EventShowMapLink":false,"_EventURL":"","_EventCost":"","_EventCostDescription":"","_EventCurrencySymbol":"","_EventCurrencyCode":"","_EventCurrencyPosition":"","_EventDateTimeSeparator":"","_EventTimeRangeSeparator":"","_EventOrganizerID":[],"_EventVenueID":[],"_OrganizerEmail":"","_OrganizerPhone":"","_OrganizerWebsite":"","_VenueAddress":"","_VenueCity":"","_VenueCountry":"","_VenueProvince":"","_VenueState":"","_VenueZip":"","_VenuePhone":"","_VenueURL":"","_VenueStateProvince":"","_VenueLat":"","_VenueLng":"","_VenueShowMap":false,"_VenueShowMapLink":false,"footnotes":""},"class_list":["post-204","page","type-page","status-publish","hentry"],"_links":{"self":[{"href":"https:\/\/hofberg-freilichttheater.de\/index.php?rest_route=\/wp\/v2\/pages\/204","targetHints":{"allow":["GET"]}}],"collection":[{"href":"https:\/\/hofberg-freilichttheater.de\/index.php?rest_route=\/wp\/v2\/pages"}],"about":[{"href":"https:\/\/hofberg-freilichttheater.de\/index.php?rest_route=\/wp\/v2\/types\/page"}],"author":[{"embeddable":true,"href":"https:\/\/hofberg-freilichttheater.de\/index.php?rest_route=\/wp\/v2\/users\/1"}],"replies":[{"embeddable":true,"href":"https:\/\/hofberg-freilichttheater.de\/index.php?rest_route=%2Fwp%2Fv2%2Fcomments&post=204"}],"version-history":[{"count":1,"href":"https:\/\/hofberg-freilichttheater.de\/index.php?rest_route=\/wp\/v2\/pages\/204\/revisions"}],"predecessor-version":[{"id":207,"href":"https:\/\/hofberg-freilichttheater.de\/index.php?rest_route=\/wp\/v2\/pages\/204\/revisions\/207"}],"wp:attachment":[{"href":"https:\/\/hofberg-freilichttheater.de\/index.php?rest_route=%2Fwp%2Fv2%2Fmedia&parent=204"}],"curies":[{"name":"wp","href":"https:\/\/api.w.org\/{rel}","templated":true}]}}