{"id":438,"date":"2023-08-07T05:40:23","date_gmt":"2023-08-07T05:40:23","guid":{"rendered":"https:\/\/hofberg-freilichttheater.de\/?page_id=438"},"modified":"2025-11-02T20:40:55","modified_gmt":"2025-11-02T20:40:55","slug":"mittelalterliche-maerkte","status":"publish","type":"page","link":"https:\/\/hofberg-freilichttheater.de\/?page_id=438","title":{"rendered":"Mittelalterliche M\u00e4rkte"},"content":{"rendered":"\n<div class=\"wp-block-query alignfull is-layout-flow wp-block-query-is-layout-flow\"><ul class=\"wp-block-post-template is-layout-flow wp-block-post-template-is-layout-flow\"><li class=\"wp-block-post post-1312 post type-post status-publish format-standard has-post-thumbnail hentry category-hofbergritter category-mittelalterliche-markttage\">\n\n<div class=\"wp-block-columns alignwide is-layout-flex wp-container-core-columns-is-layout-28f84493 wp-block-columns-is-layout-flex\">\n<div class=\"wp-block-column is-layout-flow wp-block-column-is-layout-flow\" style=\"flex-basis:66.66%\">\n<div class=\"wp-block-columns is-layout-flex wp-container-core-columns-is-layout-28f84493 wp-block-columns-is-layout-flex\">\n<div class=\"wp-block-column is-layout-flow wp-block-column-is-layout-flow\" style=\"flex-basis:100%\"><figure class=\"wp-block-post-featured-image\"><a href=\"https:\/\/hofberg-freilichttheater.de\/?p=1312\" target=\"_self\"  ><img loading=\"lazy\" decoding=\"async\" width=\"1600\" height=\"1200\" src=\"https:\/\/hofberg-freilichttheater.de\/wp-content\/uploads\/2025\/11\/Ritterlager-Inchenhofen-12.jpg\" class=\"attachment-post-thumbnail size-post-thumbnail wp-post-image\" alt=\"Ritterlager 2025\" style=\"object-fit:cover;\" srcset=\"https:\/\/hofberg-freilichttheater.de\/wp-content\/uploads\/2025\/11\/Ritterlager-Inchenhofen-12.jpg 1600w, https:\/\/hofberg-freilichttheater.de\/wp-content\/uploads\/2025\/11\/Ritterlager-Inchenhofen-12-300x225.jpg 300w, https:\/\/hofberg-freilichttheater.de\/wp-content\/uploads\/2025\/11\/Ritterlager-Inchenhofen-12-1024x768.jpg 1024w, https:\/\/hofberg-freilichttheater.de\/wp-content\/uploads\/2025\/11\/Ritterlager-Inchenhofen-12-768x576.jpg 768w, https:\/\/hofberg-freilichttheater.de\/wp-content\/uploads\/2025\/11\/Ritterlager-Inchenhofen-12-1536x1152.jpg 1536w\" sizes=\"auto, (max-width: 1600px) 100vw, 1600px\" \/><\/a><\/figure><\/div>\n<\/div>\n<\/div>\n\n\n\n<div class=\"wp-block-column is-layout-flow wp-block-column-is-layout-flow\" style=\"flex-basis:33.33%\"><h2 class=\"wp-block-post-title\"><a href=\"https:\/\/hofberg-freilichttheater.de\/?p=1312\" target=\"_self\" >Ritterlager 2025<\/a><\/h2>\n\n<div class=\"wp-block-post-excerpt\"><p class=\"wp-block-post-excerpt__excerpt\">Chronik des Ritterlagers zu Inchenhofen &#8211; Sommer 2025 Anno Domini 2025, am Wochenende vom 25. bis 27. Juli, zogen die wackeren Hofbergritter samt Gefolge gen Inchenhofen, um dort ihr Lager<\/p><p class=\"wp-block-post-excerpt__more-text\"><a class=\"wp-block-post-excerpt__more-link\" href=\"https:\/\/hofberg-freilichttheater.de\/?p=1312\">weiterlesen<\/a><\/p><\/div><\/div>\n<\/div>\n\n<\/li><li class=\"wp-block-post post-429 post type-post status-publish format-standard has-post-thumbnail hentry category-hofbergritter category-mittelalterliche-markttage\">\n\n<div class=\"wp-block-columns alignwide is-layout-flex wp-container-core-columns-is-layout-28f84493 wp-block-columns-is-layout-flex\">\n<div class=\"wp-block-column is-layout-flow wp-block-column-is-layout-flow\" style=\"flex-basis:66.66%\">\n<div class=\"wp-block-columns is-layout-flex wp-container-core-columns-is-layout-28f84493 wp-block-columns-is-layout-flex\">\n<div class=\"wp-block-column is-layout-flow wp-block-column-is-layout-flow\" style=\"flex-basis:100%\"><figure class=\"wp-block-post-featured-image\"><a href=\"https:\/\/hofberg-freilichttheater.de\/?p=429\" target=\"_self\"  ><img loading=\"lazy\" decoding=\"async\" width=\"1024\" height=\"682\" src=\"https:\/\/hofberg-freilichttheater.de\/wp-content\/uploads\/2023\/08\/ritter\/Aichach2018\/IMG-20180909-WA0033.jpg\" class=\"attachment-post-thumbnail size-post-thumbnail wp-post-image\" alt=\"HISTORISCHE MARKTTAGE AICHACH 2018\" style=\"object-fit:cover;\" srcset=\"https:\/\/hofberg-freilichttheater.de\/wp-content\/uploads\/2023\/08\/ritter\/Aichach2018\/IMG-20180909-WA0033.jpg 1024w, https:\/\/hofberg-freilichttheater.de\/wp-content\/uploads\/2023\/08\/ritter\/Aichach2018\/IMG-20180909-WA0033-300x200.jpg 300w, https:\/\/hofberg-freilichttheater.de\/wp-content\/uploads\/2023\/08\/ritter\/Aichach2018\/IMG-20180909-WA0033-768x512.jpg 768w\" sizes=\"auto, (max-width: 1024px) 100vw, 1024px\" \/><\/a><\/figure><\/div>\n<\/div>\n<\/div>\n\n\n\n<div class=\"wp-block-column is-layout-flow wp-block-column-is-layout-flow\" style=\"flex-basis:33.33%\"><h2 class=\"wp-block-post-title\"><a href=\"https:\/\/hofberg-freilichttheater.de\/?p=429\" target=\"_self\" >HISTORISCHE MARKTTAGE AICHACH 2018<\/a><\/h2>\n\n<div class=\"wp-block-post-excerpt\"><p class=\"wp-block-post-excerpt__excerpt\">HOFBERGRITTER AUF DEN MITTELALTERLICHEN MARKTTAGEN ZU AICHACH 2018 &nbsp;Am letzten Wochenende drehte sich die Zeit in der&nbsp;Aichacher Innenstadt wieder zur\u00fcck ins Jahre 1418! Der Wittelsbacher Herzog Ludwig im Barte gibt<\/p><p class=\"wp-block-post-excerpt__more-text\"><a class=\"wp-block-post-excerpt__more-link\" href=\"https:\/\/hofberg-freilichttheater.de\/?p=429\">weiterlesen<\/a><\/p><\/div><\/div>\n<\/div>\n\n<\/li><li class=\"wp-block-post post-431 post type-post status-publish format-standard has-post-thumbnail hentry category-hofbergritter category-mittelalterliche-markttage\">\n\n<div class=\"wp-block-columns alignwide is-layout-flex wp-container-core-columns-is-layout-28f84493 wp-block-columns-is-layout-flex\">\n<div class=\"wp-block-column is-layout-flow wp-block-column-is-layout-flow\" style=\"flex-basis:66.66%\">\n<div class=\"wp-block-columns is-layout-flex wp-container-core-columns-is-layout-28f84493 wp-block-columns-is-layout-flex\">\n<div class=\"wp-block-column is-layout-flow wp-block-column-is-layout-flow\" style=\"flex-basis:100%\"><figure class=\"wp-block-post-featured-image\"><a href=\"https:\/\/hofberg-freilichttheater.de\/?p=431\" target=\"_self\"  ><img loading=\"lazy\" decoding=\"async\" width=\"1280\" height=\"720\" src=\"https:\/\/hofberg-freilichttheater.de\/wp-content\/uploads\/2023\/08\/ritter\/Poettmes2017\/WP_20170701_19_33_00_Pro.jpg\" class=\"attachment-post-thumbnail size-post-thumbnail wp-post-image\" alt=\"HISTORISCHE MARKTTAGE P\u00d6TTMES 2017\" style=\"object-fit:cover;\" srcset=\"https:\/\/hofberg-freilichttheater.de\/wp-content\/uploads\/2023\/08\/ritter\/Poettmes2017\/WP_20170701_19_33_00_Pro.jpg 1280w, https:\/\/hofberg-freilichttheater.de\/wp-content\/uploads\/2023\/08\/ritter\/Poettmes2017\/WP_20170701_19_33_00_Pro-300x169.jpg 300w, https:\/\/hofberg-freilichttheater.de\/wp-content\/uploads\/2023\/08\/ritter\/Poettmes2017\/WP_20170701_19_33_00_Pro-1024x576.jpg 1024w, https:\/\/hofberg-freilichttheater.de\/wp-content\/uploads\/2023\/08\/ritter\/Poettmes2017\/WP_20170701_19_33_00_Pro-768x432.jpg 768w\" sizes=\"auto, (max-width: 1280px) 100vw, 1280px\" \/><\/a><\/figure><\/div>\n<\/div>\n<\/div>\n\n\n\n<div class=\"wp-block-column is-layout-flow wp-block-column-is-layout-flow\" style=\"flex-basis:33.33%\"><h2 class=\"wp-block-post-title\"><a href=\"https:\/\/hofberg-freilichttheater.de\/?p=431\" target=\"_self\" >HISTORISCHE MARKTTAGE P\u00d6TTMES 2017<\/a><\/h2>\n\n<div class=\"wp-block-post-excerpt\"><p class=\"wp-block-post-excerpt__excerpt\">DIE HOFBERGLER AUF DEM HISTORISCHEN MARKTFEST IN P\u00d6TTMES 2017 Der gr\u00f6\u00dfte Teil des Ritterlagers inklusive der Zeltaufbauten wurde bereits am Donnerstag den 29. Juni erledigt. Trotz mehrerer zwischenzeitlicher Schauer wurde<\/p><p class=\"wp-block-post-excerpt__more-text\"><a class=\"wp-block-post-excerpt__more-link\" href=\"https:\/\/hofberg-freilichttheater.de\/?p=431\">weiterlesen<\/a><\/p><\/div><\/div>\n<\/div>\n\n<\/li><\/ul><\/div>\n","protected":false},"excerpt":{"rendered":"","protected":false},"author":1,"featured_media":0,"parent":95,"menu_order":0,"comment_status":"closed","ping_status":"closed","template":"","meta":{"_EventAllDay":false,"_EventTimezone":"","_EventStartDate":"","_EventEndDate":"","_EventStartDateUTC":"","_EventEndDateUTC":"","_EventShowMap":false,"_EventShowMapLink":false,"_EventURL":"","_EventCost":"","_EventCostDescription":"","_EventCurrencySymbol":"","_EventCurrencyCode":"","_EventCurrencyPosition":"","_EventDateTimeSeparator":"","_EventTimeRangeSeparator":"","_EventOrganizerID":[],"_EventVenueID":[],"_OrganizerEmail":"","_OrganizerPhone":"","_OrganizerWebsite":"","_VenueAddress":"","_VenueCity":"","_VenueCountry":"","_VenueProvince":"","_VenueState":"","_VenueZip":"","_VenuePhone":"","_VenueURL":"","_VenueStateProvince":"","_VenueLat":"","_VenueLng":"","_VenueShowMap":false,"_VenueShowMapLink":false,"footnotes":""},"class_list":["post-438","page","type-page","status-publish","hentry"],"_links":{"self":[{"href":"https:\/\/hofberg-freilichttheater.de\/index.php?rest_route=\/wp\/v2\/pages\/438","targetHints":{"allow":["GET"]}}],"collection":[{"href":"https:\/\/hofberg-freilichttheater.de\/index.php?rest_route=\/wp\/v2\/pages"}],"about":[{"href":"https:\/\/hofberg-freilichttheater.de\/index.php?rest_route=\/wp\/v2\/types\/page"}],"author":[{"embeddable":true,"href":"https:\/\/hofberg-freilichttheater.de\/index.php?rest_route=\/wp\/v2\/users\/1"}],"replies":[{"embeddable":true,"href":"https:\/\/hofberg-freilichttheater.de\/index.php?rest_route=%2Fwp%2Fv2%2Fcomments&post=438"}],"version-history":[{"count":4,"href":"https:\/\/hofberg-freilichttheater.de\/index.php?rest_route=\/wp\/v2\/pages\/438\/revisions"}],"predecessor-version":[{"id":1330,"href":"https:\/\/hofberg-freilichttheater.de\/index.php?rest_route=\/wp\/v2\/pages\/438\/revisions\/1330"}],"up":[{"embeddable":true,"href":"https:\/\/hofberg-freilichttheater.de\/index.php?rest_route=\/wp\/v2\/pages\/95"}],"wp:attachment":[{"href":"https:\/\/hofberg-freilichttheater.de\/index.php?rest_route=%2Fwp%2Fv2%2Fmedia&parent=438"}],"curies":[{"name":"wp","href":"https:\/\/api.w.org\/{rel}","templated":true}]}}