{"id":65,"date":"2023-07-28T09:46:05","date_gmt":"2023-07-28T09:46:05","guid":{"rendered":"https:\/\/hofberg-freilichttheater.de\/?page_id=65"},"modified":"2023-08-04T06:32:37","modified_gmt":"2023-08-04T06:32:37","slug":"schwertberg","status":"publish","type":"page","link":"https:\/\/hofberg-freilichttheater.de\/?page_id=65","title":{"rendered":"FREUNDSCHAFT UND PARTNERSCHAFT MIT SCHWERTBERG"},"content":{"rendered":"\n<div class=\"wp-block-group alignfull has-global-padding is-layout-constrained wp-block-group-is-layout-constrained\" style=\"padding-top:var(--wp--custom--spacing--small, 1.25rem);padding-bottom:var(--wp--custom--spacing--small, 1.25rem)\">\n<div class=\"wp-block-columns alignwide is-layout-flex wp-container-core-columns-is-layout-2eb748b2 wp-block-columns-is-layout-flex\" style=\"margin-top:0px;margin-bottom:0px\">\n<div class=\"wp-block-column is-layout-flow wp-block-column-is-layout-flow\" style=\"flex-basis:30%\"><h1 style=\"font-style:italic;font-weight:300;line-height:1.1; margin-top:0px;margin-bottom:1rem;\" class=\"wp-block-site-title has-var-wp-custom-typography-font-size-huge-clamp-2-25-rem-4-vw-2-75-rem-font-size has-source-serif-pro-font-family\">Hofberg Freilichttheater Schiltberg e.V.<\/h1>\n\n\n<hr class=\"wp-block-separator has-text-color has-foreground-color has-css-opacity has-foreground-background-color has-background is-style-wide\"\/>\n\n\n\n<div class=\"wp-block-query has-global-padding is-content-justification-center is-layout-constrained wp-block-query-is-layout-constrained\"><ul class=\"aligncenter wp-block-post-template has-medium-font-size is-layout-flow wp-block-post-template-is-layout-flow\"><li class=\"wp-block-post post-57 post type-post status-publish format-standard has-post-thumbnail hentry category-partnerschaft-mit-schwertberg\">\n<figure style=\"width:100%;height:100px;\" class=\"aligncenter wp-block-post-featured-image\"><a href=\"https:\/\/hofberg-freilichttheater.de\/?p=57\" target=\"_self\"  style=\"height:100px\"><img loading=\"lazy\" decoding=\"async\" width=\"1024\" height=\"682\" src=\"https:\/\/hofberg-freilichttheater.de\/wp-content\/uploads\/2023\/08\/verein\/schwertberg\/schwertberg_2023\/Besuch_der_Partnergemeinde_Schwertberg_auf_der_Freilichtbhne_in_Schiltberg.jpg\" class=\"attachment-post-thumbnail size-post-thumbnail wp-post-image\" alt=\"Besuch von den Schwertbergern 2023\" style=\"height:100px;object-fit:contain;\" srcset=\"https:\/\/hofberg-freilichttheater.de\/wp-content\/uploads\/2023\/08\/verein\/schwertberg\/schwertberg_2023\/Besuch_der_Partnergemeinde_Schwertberg_auf_der_Freilichtbhne_in_Schiltberg.jpg 1024w, https:\/\/hofberg-freilichttheater.de\/wp-content\/uploads\/2023\/08\/verein\/schwertberg\/schwertberg_2023\/Besuch_der_Partnergemeinde_Schwertberg_auf_der_Freilichtbhne_in_Schiltberg-300x200.jpg 300w, https:\/\/hofberg-freilichttheater.de\/wp-content\/uploads\/2023\/08\/verein\/schwertberg\/schwertberg_2023\/Besuch_der_Partnergemeinde_Schwertberg_auf_der_Freilichtbhne_in_Schiltberg-768x512.jpg 768w\" sizes=\"auto, (max-width: 1024px) 100vw, 1024px\" \/><\/a><\/figure>\n\n\n<div class=\"wp-block-group is-vertical is-content-justification-center is-layout-flex wp-container-core-group-is-layout-4708f41a wp-block-group-is-layout-flex\"><h2 style=\"font-style:normal;font-weight:400;\" class=\"has-text-align-center wp-block-post-title has-small-font-size has-system-font-font-family\"><a href=\"https:\/\/hofberg-freilichttheater.de\/?p=57\" target=\"_self\" >Besuch von den Schwertbergern 2023<\/a><\/h2><\/div>\n\n\n\n<hr class=\"wp-block-separator aligncenter has-text-color has-contrast-color has-alpha-channel-opacity has-contrast-background-color has-background is-style-default\"\/>\n\n<\/li><li class=\"wp-block-post post-241 post type-post status-publish format-standard has-post-thumbnail hentry category-partnerschaft-mit-schwertberg\">\n<figure style=\"width:100%;height:100px;\" class=\"aligncenter wp-block-post-featured-image\"><a href=\"https:\/\/hofberg-freilichttheater.de\/?p=241\" target=\"_self\"  style=\"height:100px\"><img loading=\"lazy\" decoding=\"async\" width=\"1600\" height=\"1200\" src=\"https:\/\/hofberg-freilichttheater.de\/wp-content\/uploads\/2023\/08\/verein\/schwertberg\/schwertberger2018\/IMG-20180702-WA0002.jpg\" class=\"attachment-post-thumbnail size-post-thumbnail wp-post-image\" alt=\"BESUCH VON DEN SCHWERTBERGERN 2018\" style=\"height:100px;object-fit:contain;\" srcset=\"https:\/\/hofberg-freilichttheater.de\/wp-content\/uploads\/2023\/08\/verein\/schwertberg\/schwertberger2018\/IMG-20180702-WA0002.jpg 1600w, https:\/\/hofberg-freilichttheater.de\/wp-content\/uploads\/2023\/08\/verein\/schwertberg\/schwertberger2018\/IMG-20180702-WA0002-300x225.jpg 300w, https:\/\/hofberg-freilichttheater.de\/wp-content\/uploads\/2023\/08\/verein\/schwertberg\/schwertberger2018\/IMG-20180702-WA0002-1024x768.jpg 1024w, https:\/\/hofberg-freilichttheater.de\/wp-content\/uploads\/2023\/08\/verein\/schwertberg\/schwertberger2018\/IMG-20180702-WA0002-768x576.jpg 768w, https:\/\/hofberg-freilichttheater.de\/wp-content\/uploads\/2023\/08\/verein\/schwertberg\/schwertberger2018\/IMG-20180702-WA0002-1536x1152.jpg 1536w\" sizes=\"auto, (max-width: 1600px) 100vw, 1600px\" \/><\/a><\/figure>\n\n\n<div class=\"wp-block-group is-vertical is-content-justification-center is-layout-flex wp-container-core-group-is-layout-4708f41a wp-block-group-is-layout-flex\"><h2 style=\"font-style:normal;font-weight:400;\" class=\"has-text-align-center wp-block-post-title has-small-font-size has-system-font-font-family\"><a href=\"https:\/\/hofberg-freilichttheater.de\/?p=241\" target=\"_self\" >BESUCH VON DEN SCHWERTBERGERN 2018<\/a><\/h2><\/div>\n\n\n\n<hr class=\"wp-block-separator aligncenter has-text-color has-contrast-color has-alpha-channel-opacity has-contrast-background-color has-background is-style-default\"\/>\n\n<\/li><li class=\"wp-block-post post-249 post type-post status-publish format-standard has-post-thumbnail hentry category-partnerschaft-mit-schwertberg\">\n<figure style=\"width:100%;height:100px;\" class=\"aligncenter wp-block-post-featured-image\"><a href=\"https:\/\/hofberg-freilichttheater.de\/?p=249\" target=\"_self\"  style=\"height:100px\"><img loading=\"lazy\" decoding=\"async\" width=\"1280\" height=\"960\" src=\"https:\/\/hofberg-freilichttheater.de\/wp-content\/uploads\/2023\/08\/verein\/schwertberg\/schwertbergfahrt_2017\/windegg.jpg.JPG\" class=\"attachment-post-thumbnail size-post-thumbnail wp-post-image\" alt=\"BESUCH IN SCHWERTBERG 2017\" style=\"height:100px;object-fit:contain;\" srcset=\"https:\/\/hofberg-freilichttheater.de\/wp-content\/uploads\/2023\/08\/verein\/schwertberg\/schwertbergfahrt_2017\/windegg.jpg.JPG 1280w, https:\/\/hofberg-freilichttheater.de\/wp-content\/uploads\/2023\/08\/verein\/schwertberg\/schwertbergfahrt_2017\/windegg.jpg-300x225.jpg 300w, https:\/\/hofberg-freilichttheater.de\/wp-content\/uploads\/2023\/08\/verein\/schwertberg\/schwertbergfahrt_2017\/windegg.jpg-1024x768.jpg 1024w, https:\/\/hofberg-freilichttheater.de\/wp-content\/uploads\/2023\/08\/verein\/schwertberg\/schwertbergfahrt_2017\/windegg.jpg-768x576.jpg 768w\" sizes=\"auto, (max-width: 1280px) 100vw, 1280px\" \/><\/a><\/figure>\n\n\n<div class=\"wp-block-group is-vertical is-content-justification-center is-layout-flex wp-container-core-group-is-layout-4708f41a wp-block-group-is-layout-flex\"><h2 style=\"font-style:normal;font-weight:400;\" class=\"has-text-align-center wp-block-post-title has-small-font-size has-system-font-font-family\"><a href=\"https:\/\/hofberg-freilichttheater.de\/?p=249\" target=\"_self\" >BESUCH IN SCHWERTBERG 2017<\/a><\/h2><\/div>\n\n\n\n<hr class=\"wp-block-separator aligncenter has-text-color has-contrast-color has-alpha-channel-opacity has-contrast-background-color has-background is-style-default\"\/>\n\n<\/li><\/ul>\n\n<\/div>\n\n\n\n<hr class=\"wp-block-separator has-text-color has-foreground-color has-css-opacity has-foreground-background-color has-background is-style-wide\"\/>\n\n\n\n<div style=\"height:16px\" aria-hidden=\"true\" class=\"wp-block-spacer\"><\/div>\n<\/div>\n\n\n\n<div class=\"wp-block-column is-layout-flow wp-block-column-is-layout-flow\" style=\"flex-basis:70%\">\n<h5 class=\"wp-block-heading\">GEMEINDEPARTNERSCHAFT MIT DER FREILICHTB\u00dcHNE AISER IN SCHWERTBERG\/O\u00d6<\/h5>\n\n\n\n<figure class=\"wp-block-image aligncenter size-full\"><img loading=\"lazy\" decoding=\"async\" width=\"600\" height=\"450\" src=\"https:\/\/hofberg-freilichttheater.de\/wp-content\/uploads\/2023\/08\/verein\/schwertberg\/schwertberg\/Freundschaftsurkunde 2003 B02 MS-Foto_bearb.jpg\" alt=\"\" class=\"wp-image-237\" srcset=\"https:\/\/hofberg-freilichttheater.de\/wp-content\/uploads\/2023\/08\/verein\/schwertberg\/schwertberg\/Freundschaftsurkunde%202003%20B02%20MS-Foto_bearb.jpg 600w, https:\/\/hofberg-freilichttheater.de\/wp-content\/uploads\/2023\/08\/verein\/schwertberg\/schwertberg\/Freundschaftsurkunde%202003%20B02%20MS-Foto_bearb-300x225.jpg 300w\" sizes=\"auto, (max-width: 600px) 100vw, 600px\" \/><\/figure>\n\n\n\n<p>Der dritte Schwerpunkt des Schiltberger Theatervereins sind seit 1980 die regelm\u00e4\u00dfigen Begegnungen mit den befreundeten Theaterkollegen der Partnergemeinde Markt Schwertberg, gelegen im Bezirk Perg bei Linz in Ober\u00f6sterreich. Nicht nur, dass dort die Freilichtb\u00fchne Aiser, die Burgruine Windegg und das historische Schiff Agnes von Feldsberg drei bew\u00e4hrte Aktions- und Erlebnisr\u00e4ume bieten, man f\u00fchrt sogar bei verschiedenen Anl\u00e4ssen gemeinsame Programme in \u00d6sterreich und Bayern durch. Ein unbestrittener H\u00f6hepunkt war 1987 die historische Schifffahrt von Regensburg nach Au\/Donau bei Schwertberg. Gute Kondition beweisen rund zehn Hofbergler als Mitglieder des Schwertberger Arbeitskreises Windegg. Sie leisten seit zwei Jahrzehnten einen Arbeitstag pro Jahr und helfen mit beim teilweisen Wiederaufbau der Burgruine Windegg. Im August 2002 war der an der Aist gelegene Marktflecken von der Hochwasserkatastrophe besonders hart betroffen. Zweimal fuhren je sechs Hofbergmitglieder zur Schadensbek\u00e4mpfung nach Schwertberg.<\/p>\n\n\n\n<figure class=\"wp-block-gallery has-nested-images columns-default is-cropped wp-block-gallery-1 is-layout-flex wp-block-gallery-is-layout-flex\">\n<figure class=\"wp-block-image size-medium\"><img loading=\"lazy\" decoding=\"async\" width=\"300\" height=\"225\" data-id=\"240\" src=\"https:\/\/hofberg-freilichttheater.de\/wp-content\/uploads\/2023\/08\/verein\/schwertberg\/schwertberg\/Partnerschaft, 06.09.1987, swNeg 33, MS-Foto_bearb-300x225.jpg\" alt=\"\" class=\"wp-image-240\" srcset=\"https:\/\/hofberg-freilichttheater.de\/wp-content\/uploads\/2023\/08\/verein\/schwertberg\/schwertberg\/Partnerschaft,%2006.09.1987,%20swNeg%2033,%20MS-Foto_bearb-300x225.jpg 300w, https:\/\/hofberg-freilichttheater.de\/wp-content\/uploads\/2023\/08\/verein\/schwertberg\/schwertberg\/Partnerschaft,%2006.09.1987,%20swNeg%2033,%20MS-Foto_bearb.jpg 600w\" sizes=\"auto, (max-width: 300px) 100vw, 300px\" \/><\/figure>\n\n\n\n<figure class=\"wp-block-image size-large\"><img loading=\"lazy\" decoding=\"async\" width=\"600\" height=\"450\" data-id=\"239\" src=\"https:\/\/hofberg-freilichttheater.de\/wp-content\/uploads\/2023\/08\/verein\/schwertberg\/schwertberg\/Hist. Schifffahrt, Regensburg, 30.08.1987, MS-Dia_bearb.jpg\" alt=\"\" class=\"wp-image-239\" srcset=\"https:\/\/hofberg-freilichttheater.de\/wp-content\/uploads\/2023\/08\/verein\/schwertberg\/schwertberg\/Hist.%20Schifffahrt,%20Regensburg,%2030.08.1987,%20MS-Dia_bearb.jpg 600w, https:\/\/hofberg-freilichttheater.de\/wp-content\/uploads\/2023\/08\/verein\/schwertberg\/schwertberg\/Hist.%20Schifffahrt,%20Regensburg,%2030.08.1987,%20MS-Dia_bearb-300x225.jpg 300w\" sizes=\"auto, (max-width: 600px) 100vw, 600px\" \/><\/figure>\n\n\n\n<figure class=\"wp-block-image size-large\"><img loading=\"lazy\" decoding=\"async\" width=\"600\" height=\"450\" data-id=\"238\" src=\"https:\/\/hofberg-freilichttheater.de\/wp-content\/uploads\/2023\/08\/verein\/schwertberg\/schwertberg\/Gastspiel POvW in Schwbg 18.05.1985 sw MS-Foto_bearb.jpg\" alt=\"\" class=\"wp-image-238\" srcset=\"https:\/\/hofberg-freilichttheater.de\/wp-content\/uploads\/2023\/08\/verein\/schwertberg\/schwertberg\/Gastspiel%20POvW%20in%20Schwbg%2018.05.1985%20sw%20MS-Foto_bearb.jpg 600w, https:\/\/hofberg-freilichttheater.de\/wp-content\/uploads\/2023\/08\/verein\/schwertberg\/schwertberg\/Gastspiel%20POvW%20in%20Schwbg%2018.05.1985%20sw%20MS-Foto_bearb-300x225.jpg 300w\" sizes=\"auto, (max-width: 600px) 100vw, 600px\" \/><\/figure>\n\n\n\n<figure class=\"wp-block-image size-large\"><img loading=\"lazy\" decoding=\"async\" width=\"600\" height=\"450\" data-id=\"236\" src=\"https:\/\/hofberg-freilichttheater.de\/wp-content\/uploads\/2023\/08\/verein\/schwertberg\/schwertberg\/DRL, Szene 1, Regbg 30.08.1987, FaNeg 7A, MS-Foto_bearb.jpg\" alt=\"\" class=\"wp-image-236\" srcset=\"https:\/\/hofberg-freilichttheater.de\/wp-content\/uploads\/2023\/08\/verein\/schwertberg\/schwertberg\/DRL,%20Szene%201,%20Regbg%2030.08.1987,%20FaNeg%207A,%20MS-Foto_bearb.jpg 600w, https:\/\/hofberg-freilichttheater.de\/wp-content\/uploads\/2023\/08\/verein\/schwertberg\/schwertberg\/DRL,%20Szene%201,%20Regbg%2030.08.1987,%20FaNeg%207A,%20MS-Foto_bearb-300x225.jpg 300w\" sizes=\"auto, (max-width: 600px) 100vw, 600px\" \/><\/figure>\n\n\n\n<figure class=\"wp-block-image size-large\"><img loading=\"lazy\" decoding=\"async\" width=\"600\" height=\"450\" data-id=\"234\" src=\"https:\/\/hofberg-freilichttheater.de\/wp-content\/uploads\/2023\/08\/verein\/schwertberg\/schwertberg\/Burg Windegg, AD 17.09.1994, GruFo,  MS-Dia_bearb.jpg\" alt=\"\" class=\"wp-image-234\" srcset=\"https:\/\/hofberg-freilichttheater.de\/wp-content\/uploads\/2023\/08\/verein\/schwertberg\/schwertberg\/Burg%20Windegg,%20AD%2017.09.1994,%20GruFo,%20%20MS-Dia_bearb.jpg 600w, https:\/\/hofberg-freilichttheater.de\/wp-content\/uploads\/2023\/08\/verein\/schwertberg\/schwertberg\/Burg%20Windegg,%20AD%2017.09.1994,%20GruFo,%20%20MS-Dia_bearb-300x225.jpg 300w\" sizes=\"auto, (max-width: 600px) 100vw, 600px\" \/><\/figure>\n\n\n\n<figure class=\"wp-block-image size-large\"><img loading=\"lazy\" decoding=\"async\" width=\"600\" height=\"450\" data-id=\"235\" src=\"https:\/\/hofberg-freilichttheater.de\/wp-content\/uploads\/2023\/08\/verein\/schwertberg\/schwertberg\/Burg Windegg, AD 28-1.09.1996, MS-Dia_bearb.jpg\" alt=\"\" class=\"wp-image-235\" srcset=\"https:\/\/hofberg-freilichttheater.de\/wp-content\/uploads\/2023\/08\/verein\/schwertberg\/schwertberg\/Burg%20Windegg,%20AD%2028-1.09.1996,%20MS-Dia_bearb.jpg 600w, https:\/\/hofberg-freilichttheater.de\/wp-content\/uploads\/2023\/08\/verein\/schwertberg\/schwertberg\/Burg%20Windegg,%20AD%2028-1.09.1996,%20MS-Dia_bearb-300x225.jpg 300w\" sizes=\"auto, (max-width: 600px) 100vw, 600px\" \/><\/figure>\n<\/figure>\n\n\n\n<p>Aus der Freundschaft Hofberg\/Aiser erwuchs die offizielle Partnerschaft Schiltberg\/Schwertberg, besiegelt am 6. September 1987 durch die jeweiligen B\u00fcrgermeister und die beiden Vereinsvorsitzenden. J\u00e4hrlich schreibt der Hofberg f\u00fcr Verein und Gemeinde eine Busfahrt nach Schwertberg aus. Das Programm beinhaltet den obligatorischen Theaterabend auf der Aiser und Besichtigungen vor Ort oder auf der Reiseroute.<\/p>\n\n\n\n<p><\/p>\n<\/div>\n<\/div>\n<\/div>\n","protected":false},"excerpt":{"rendered":"<p>GEMEINDEPARTNERSCHAFT MIT DER FREILICHTB\u00dcHNE AISER IN SCHWERTBERG\/O\u00d6 Der dritte Schwerpunkt des Schiltberger Theatervereins sind seit 1980 die regelm\u00e4\u00dfigen Begegnungen mit den befreundeten Theaterkollegen der Partnergemeinde Markt Schwertberg, gelegen im Bezirk [&hellip;]<\/p>\n","protected":false},"author":1,"featured_media":0,"parent":62,"menu_order":4,"comment_status":"closed","ping_status":"closed","template":"page-large-header","meta":{"_EventAllDay":false,"_EventTimezone":"","_EventStartDate":"","_EventEndDate":"","_EventStartDateUTC":"","_EventEndDateUTC":"","_EventShowMap":false,"_EventShowMapLink":false,"_EventURL":"","_EventCost":"","_EventCostDescription":"","_EventCurrencySymbol":"","_EventCurrencyCode":"","_EventCurrencyPosition":"","_EventDateTimeSeparator":"","_EventTimeRangeSeparator":"","_EventOrganizerID":[],"_EventVenueID":[],"_OrganizerEmail":"","_OrganizerPhone":"","_OrganizerWebsite":"","_VenueAddress":"","_VenueCity":"","_VenueCountry":"","_VenueProvince":"","_VenueState":"","_VenueZip":"","_VenuePhone":"","_VenueURL":"","_VenueStateProvince":"","_VenueLat":"","_VenueLng":"","_VenueShowMap":false,"_VenueShowMapLink":false,"footnotes":""},"class_list":["post-65","page","type-page","status-publish","hentry"],"_links":{"self":[{"href":"https:\/\/hofberg-freilichttheater.de\/index.php?rest_route=\/wp\/v2\/pages\/65","targetHints":{"allow":["GET"]}}],"collection":[{"href":"https:\/\/hofberg-freilichttheater.de\/index.php?rest_route=\/wp\/v2\/pages"}],"about":[{"href":"https:\/\/hofberg-freilichttheater.de\/index.php?rest_route=\/wp\/v2\/types\/page"}],"author":[{"embeddable":true,"href":"https:\/\/hofberg-freilichttheater.de\/index.php?rest_route=\/wp\/v2\/users\/1"}],"replies":[{"embeddable":true,"href":"https:\/\/hofberg-freilichttheater.de\/index.php?rest_route=%2Fwp%2Fv2%2Fcomments&post=65"}],"version-history":[{"count":17,"href":"https:\/\/hofberg-freilichttheater.de\/index.php?rest_route=\/wp\/v2\/pages\/65\/revisions"}],"predecessor-version":[{"id":306,"href":"https:\/\/hofberg-freilichttheater.de\/index.php?rest_route=\/wp\/v2\/pages\/65\/revisions\/306"}],"up":[{"embeddable":true,"href":"https:\/\/hofberg-freilichttheater.de\/index.php?rest_route=\/wp\/v2\/pages\/62"}],"wp:attachment":[{"href":"https:\/\/hofberg-freilichttheater.de\/index.php?rest_route=%2Fwp%2Fv2%2Fmedia&parent=65"}],"curies":[{"name":"wp","href":"https:\/\/api.w.org\/{rel}","templated":true}]}}