{"id":76,"date":"2023-07-28T10:10:37","date_gmt":"2023-07-28T10:10:37","guid":{"rendered":"https:\/\/hofberg-freilichttheater.de\/?page_id=76"},"modified":"2026-04-16T19:18:59","modified_gmt":"2026-04-16T19:18:59","slug":"startseite","status":"publish","type":"page","link":"https:\/\/hofberg-freilichttheater.de\/","title":{"rendered":""},"content":{"rendered":"\n<p class=\"has-text-align-center has-base-color has-vivid-red-background-color has-text-color has-background has-link-color wp-elements-1b5cfba1222a48d07277898a383583f7\" style=\"font-size:clamp(0.984rem, 0.984rem + ((1vw - 0.2rem) * 0.938), 1.5rem);\"><strong>Bereits im Sommer 2027 inszenieren wir f\u00fcr Sie wieder ein neues St\u00fcck auf unserer Hofbergb\u00fchne<\/strong>!<\/p>\n\n\n\n<div style=\"height:100px\" aria-hidden=\"true\" class=\"wp-block-spacer\"><\/div>\n\n\n\n<p class=\"has-text-align-center has-x-large-font-size\">Beitr\u00e4ge \u00fcber uns<\/p>\n\n\n\n<div class=\"wp-block-columns alignwide is-layout-flex wp-container-core-columns-is-layout-d2da2050 wp-block-columns-is-layout-flex\" style=\"margin-bottom:0\">\n<div class=\"wp-block-column has-text-color has-background has-link-color wp-elements-015c68bc0fad4f742882105713e2cca7 is-layout-flow wp-block-column-is-layout-flow\" style=\"color:#000000;background-color:#3f4f2929;padding-top:2em;padding-right:2em;padding-bottom:2em;padding-left:2em\">\n<div class=\"wp-block-query is-layout-flow wp-block-query-is-layout-flow\"><ul class=\"wp-block-post-template is-layout-flow wp-block-post-template-is-layout-flow\"><li class=\"wp-block-post post-1332 post type-post status-publish format-standard has-post-thumbnail hentry category-jugend category-sankt-martin category-uncategorized\">\n\n<div class=\"wp-block-group has-global-padding is-layout-constrained wp-container-core-group-is-layout-1151a934 wp-block-group-is-layout-constrained\" style=\"margin-top:0;margin-bottom:0;padding-top:18px;padding-right:0px;padding-bottom:18px;padding-left:0px\"><h4 class=\"alignwide wp-block-post-title\"><a href=\"https:\/\/hofberg-freilichttheater.de\/?p=1332\" target=\"_self\" >Sankt Martin 2025<\/a><\/h4>\n\n\n<hr class=\"wp-block-separator has-text-color has-css-opacity has-background is-style-wide\" style=\"background-color:#000000;color:#000000\"\/>\n\n\n<div class=\"wp-block-post-excerpt\"><p class=\"wp-block-post-excerpt__excerpt\">Rund 400 Besucherinnen und Besucher besuchte uns am Martinstag, um das traditionelle St.-Martinsspiel der Hofbergjugend zu erleben. Die jungen Schauspielerinnen und Schauspieler beeindruckten das Publikum mit gro\u00dfem Engagement, Spielfreude und [&hellip;] <\/p><\/div>\n\n\n<div style=\"height:12px\" aria-hidden=\"true\" class=\"wp-block-spacer\"><\/div>\n\n\n<a style=\"font-style:normal;font-weight:700;line-height:1.5; border-radius:10px;border-width:1px; padding-top:5px;padding-bottom:5px;padding-left:var(--wp--preset--spacing--40);padding-right:var(--wp--preset--spacing--40);margin-top:0;margin-bottom:0;\" class=\"wp-block-read-more has-text-color has-base-color has-background has-contrast-background-color\" href=\"https:\/\/hofberg-freilichttheater.de\/?p=1332\" target=\"_self\">Weiterlesen<span class=\"screen-reader-text\">: Sankt Martin 2025<\/span><\/a><\/div>\n\n<\/li><\/ul><\/div>\n<\/div>\n\n\n\n<div class=\"wp-block-column has-text-color has-background has-link-color wp-elements-1035361ab3a9d68ae45632ddc071bd48 is-layout-flow wp-block-column-is-layout-flow\" style=\"color:#000000;background-color:#3f4f2966;padding-top:2em;padding-right:2em;padding-bottom:2em;padding-left:2em\">\n<div class=\"wp-block-query is-layout-flow wp-block-query-is-layout-flow\"><ul class=\"wp-block-post-template is-layout-flow wp-block-post-template-is-layout-flow\"><li class=\"wp-block-post post-1312 post type-post status-publish format-standard has-post-thumbnail hentry category-hofbergritter category-mittelalterliche-markttage\">\n\n<div class=\"wp-block-group has-global-padding is-layout-constrained wp-container-core-group-is-layout-1151a934 wp-block-group-is-layout-constrained\" style=\"margin-top:0;margin-bottom:0;padding-top:18px;padding-right:0px;padding-bottom:18px;padding-left:0px\"><h4 class=\"alignwide wp-block-post-title\"><a href=\"https:\/\/hofberg-freilichttheater.de\/?p=1312\" target=\"_self\" >Ritterlager 2025<\/a><\/h4>\n\n\n<hr class=\"wp-block-separator has-text-color has-css-opacity has-background is-style-wide\" style=\"background-color:#000000;color:#000000\"\/>\n\n\n<div class=\"wp-block-post-excerpt\"><p class=\"wp-block-post-excerpt__excerpt\">Chronik des Ritterlagers zu Inchenhofen &#8211; Sommer 2025 Anno Domini 2025, am Wochenende vom 25. bis 27. Juli, zogen die wackeren Hofbergritter samt Gefolge gen Inchenhofen, um dort ihr Lager [&hellip;] <\/p><\/div>\n\n\n<div style=\"height:12px\" aria-hidden=\"true\" class=\"wp-block-spacer\"><\/div>\n\n\n<a style=\"font-style:normal;font-weight:700;line-height:1.5; border-radius:10px;border-width:1px; padding-top:5px;padding-bottom:5px;padding-left:var(--wp--preset--spacing--40);padding-right:var(--wp--preset--spacing--40);margin-top:0;margin-bottom:0;\" class=\"wp-block-read-more has-text-color has-base-color has-background has-contrast-background-color\" href=\"https:\/\/hofberg-freilichttheater.de\/?p=1312\" target=\"_self\">Weiterlesen<span class=\"screen-reader-text\">: Ritterlager 2025<\/span><\/a><\/div>\n\n<\/li><\/ul><\/div>\n<\/div>\n\n\n\n<div class=\"wp-block-column has-text-color has-background has-link-color wp-elements-009f91f4872f89f18a443aaf1d0df67d is-layout-flow wp-block-column-is-layout-flow\" style=\"color:#000000;background-color:#3f4f29a8;padding-top:2em;padding-right:2em;padding-bottom:2em;padding-left:2em\">\n<div class=\"wp-block-query is-layout-flow wp-block-query-is-layout-flow\"><ul class=\"wp-block-post-template is-layout-flow wp-block-post-template-is-layout-flow\"><li class=\"wp-block-post post-1301 post type-post status-publish format-standard has-post-thumbnail hentry category-jugend category-sankt-martin category-uncategorized\">\n\n<div class=\"wp-block-group has-global-padding is-layout-constrained wp-container-core-group-is-layout-1151a934 wp-block-group-is-layout-constrained\" style=\"margin-top:0;margin-bottom:0;padding-top:18px;padding-right:0px;padding-bottom:18px;padding-left:0px\"><h4 class=\"alignwide wp-block-post-title\"><a href=\"https:\/\/hofberg-freilichttheater.de\/?p=1301\" target=\"_self\" >Sankt Martin 2024<\/a><\/h4>\n\n\n<hr class=\"wp-block-separator has-text-color has-css-opacity has-background is-style-wide\" style=\"background-color:#000000;color:#000000\"\/>\n\n\n<div class=\"wp-block-post-excerpt\"><p class=\"wp-block-post-excerpt__excerpt\">Wie jedes Jahr fand auch am 11.11.2024 zu Ehren des Sankt Martins ein Laternenumzug samt Martinsspiel in Schiltberg statt. Begleitet von \u00f6rtlichen Blechbl\u00e4sern zog der beeindruckende Umzug von gut 300 [&hellip;] <\/p><\/div>\n\n\n<div style=\"height:12px\" aria-hidden=\"true\" class=\"wp-block-spacer\"><\/div>\n\n\n<a style=\"font-style:normal;font-weight:700;line-height:1.5; border-radius:10px;border-width:1px; padding-top:5px;padding-bottom:5px;padding-left:var(--wp--preset--spacing--40);padding-right:var(--wp--preset--spacing--40);margin-top:0;margin-bottom:0;\" class=\"wp-block-read-more has-text-color has-base-color has-background has-contrast-background-color\" href=\"https:\/\/hofberg-freilichttheater.de\/?p=1301\" target=\"_self\">Weiterlesen<span class=\"screen-reader-text\">: Sankt Martin 2024<\/span><\/a><\/div>\n\n<\/li><\/ul><\/div>\n<\/div>\n<\/div>\n\n\n\n<div style=\"height:62px\" aria-hidden=\"true\" class=\"wp-block-spacer\"><\/div>\n\n\n\n<hr class=\"wp-block-separator has-alpha-channel-opacity is-style-wide\"\/>\n\n\n\n<div style=\"height:43px\" aria-hidden=\"true\" class=\"wp-block-spacer\"><\/div>\n\n\n\n<div class=\"wp-block-query alignfull is-layout-flow wp-block-query-is-layout-flow\">\n<h2 class=\"wp-block-heading has-text-align-center has-x-large-font-size\">Unsere letzten St\u00fccke<\/h2>\n\n\n\n<div style=\"height:20px\" aria-hidden=\"true\" class=\"wp-block-spacer\"><\/div>\n\n\n<ul class=\"columns-4 wp-block-post-template is-layout-grid wp-container-core-post-template-is-layout-be752776 wp-block-post-template-is-layout-grid\"><li class=\"wp-block-post post-861 post type-post status-publish format-standard has-post-thumbnail hentry category-theater\">\n\n<div class=\"wp-block-group is-vertical is-content-justification-center is-layout-flex wp-container-core-group-is-layout-ce155fab wp-block-group-is-layout-flex\"><h6 class=\"wp-block-post-title\"><a href=\"https:\/\/hofberg-freilichttheater.de\/?p=861\" target=\"_self\" >THEATERSAISON 2023 ROMEO UND JULIA<\/a><\/h6>\n\n<figure style=\"aspect-ratio:2\/3;height:200px;\" class=\"wp-block-post-featured-image wp-duotone-unset-4\"><a href=\"https:\/\/hofberg-freilichttheater.de\/?p=861\" target=\"_self\"  style=\"height:200px\"><img loading=\"lazy\" decoding=\"async\" width=\"1754\" height=\"2480\" src=\"https:\/\/hofberg-freilichttheater.de\/wp-content\/uploads\/2023\/08\/theater\/Romeo_Julia_2023\/Plakat_RJ_2023_Screen_1.jpg\" class=\"attachment-post-thumbnail size-post-thumbnail wp-post-image\" alt=\"THEATERSAISON 2023 ROMEO UND JULIA\" style=\"width:100%;height:100%;object-fit:contain;\" srcset=\"https:\/\/hofberg-freilichttheater.de\/wp-content\/uploads\/2023\/08\/theater\/Romeo_Julia_2023\/Plakat_RJ_2023_Screen_1.jpg 1754w, https:\/\/hofberg-freilichttheater.de\/wp-content\/uploads\/2023\/08\/theater\/Romeo_Julia_2023\/Plakat_RJ_2023_Screen_1-212x300.jpg 212w, https:\/\/hofberg-freilichttheater.de\/wp-content\/uploads\/2023\/08\/theater\/Romeo_Julia_2023\/Plakat_RJ_2023_Screen_1-724x1024.jpg 724w, https:\/\/hofberg-freilichttheater.de\/wp-content\/uploads\/2023\/08\/theater\/Romeo_Julia_2023\/Plakat_RJ_2023_Screen_1-768x1086.jpg 768w, https:\/\/hofberg-freilichttheater.de\/wp-content\/uploads\/2023\/08\/theater\/Romeo_Julia_2023\/Plakat_RJ_2023_Screen_1-1086x1536.jpg 1086w, https:\/\/hofberg-freilichttheater.de\/wp-content\/uploads\/2023\/08\/theater\/Romeo_Julia_2023\/Plakat_RJ_2023_Screen_1-1448x2048.jpg 1448w\" sizes=\"auto, (max-width: 1754px) 100vw, 1754px\" \/><\/a><\/figure>\n\n<div class=\"wp-block-post-excerpt\"><p class=\"wp-block-post-excerpt__excerpt\">Verona und Matua, Anfang des 15. Jahrhunderts Romeo und Julia sind zwei Jugendliche aus dem verfeindeten Veroneser Familien Montague und Capulet.Sie lernen sich auf Capulets Maskenfest kennen, verfallen einander sofort&hellip; <\/p><\/div><\/div>\n\n<\/li><li class=\"wp-block-post post-866 post type-post status-publish format-standard has-post-thumbnail hentry category-theater\">\n\n<div class=\"wp-block-group is-vertical is-content-justification-center is-layout-flex wp-container-core-group-is-layout-ce155fab wp-block-group-is-layout-flex\"><h6 class=\"wp-block-post-title\"><a href=\"https:\/\/hofberg-freilichttheater.de\/?p=866\" target=\"_self\" >THEATERSAISON 2018 ROBIN HOOD<\/a><\/h6>\n\n<figure style=\"aspect-ratio:2\/3;height:200px;\" class=\"wp-block-post-featured-image wp-duotone-unset-6\"><a href=\"https:\/\/hofberg-freilichttheater.de\/?p=866\" target=\"_self\"  style=\"height:200px\"><img loading=\"lazy\" decoding=\"async\" width=\"694\" height=\"960\" src=\"https:\/\/hofberg-freilichttheater.de\/wp-content\/uploads\/2023\/08\/theater\/RobinHood2018\/plakat_flyer_etc\/Robin_Hood_Plakat.jpg\" class=\"attachment-post-thumbnail size-post-thumbnail wp-post-image\" alt=\"THEATERSAISON 2018 ROBIN HOOD\" style=\"width:100%;height:100%;object-fit:contain;\" srcset=\"https:\/\/hofberg-freilichttheater.de\/wp-content\/uploads\/2023\/08\/theater\/RobinHood2018\/plakat_flyer_etc\/Robin_Hood_Plakat.jpg 694w, https:\/\/hofberg-freilichttheater.de\/wp-content\/uploads\/2023\/08\/theater\/RobinHood2018\/plakat_flyer_etc\/Robin_Hood_Plakat-217x300.jpg 217w, https:\/\/hofberg-freilichttheater.de\/wp-content\/uploads\/2023\/08\/theater\/RobinHood2018\/plakat_flyer_etc\/Robin_Hood_Plakat-100x138.jpg 100w\" sizes=\"auto, (max-width: 694px) 100vw, 694px\" \/><\/a><\/figure>\n\n<div class=\"wp-block-post-excerpt\"><p class=\"wp-block-post-excerpt__excerpt\">Das K\u00f6nigreich England, im Sommer des Jahres 1193. Der englische K\u00f6nig, Richard I, genannt L\u00f6wenherz, ist seit dem Winter in Gefangenschaft. Seine Entf\u00fchrer halten ihn auf dem Kontinent fest und&hellip; <\/p><\/div><\/div>\n\n<\/li><li class=\"wp-block-post post-868 post type-post status-publish format-standard has-post-thumbnail hentry category-theater\">\n\n<div class=\"wp-block-group is-vertical is-content-justification-center is-layout-flex wp-container-core-group-is-layout-ce155fab wp-block-group-is-layout-flex\"><h6 class=\"wp-block-post-title\"><a href=\"https:\/\/hofberg-freilichttheater.de\/?p=868\" target=\"_self\" >THEATERSAISON 2015 DIE LUSTIGEN WEIBER VON WINDSOR<\/a><\/h6>\n\n<figure style=\"aspect-ratio:2\/3;height:200px;\" class=\"wp-block-post-featured-image wp-duotone-unset-8\"><a href=\"https:\/\/hofberg-freilichttheater.de\/?p=868\" target=\"_self\"  style=\"height:200px\"><img loading=\"lazy\" decoding=\"async\" width=\"836\" height=\"1754\" src=\"https:\/\/hofberg-freilichttheater.de\/wp-content\/uploads\/2023\/08\/theater\/chronik_schauspiele\/dielustigenweibervonwindsor\/dlwvw-01.jpg\" class=\"attachment-post-thumbnail size-post-thumbnail wp-post-image\" alt=\"THEATERSAISON 2015 DIE LUSTIGEN WEIBER VON WINDSOR\" style=\"width:100%;height:100%;object-fit:contain;\" srcset=\"https:\/\/hofberg-freilichttheater.de\/wp-content\/uploads\/2023\/08\/theater\/chronik_schauspiele\/dielustigenweibervonwindsor\/dlwvw-01.jpg 836w, https:\/\/hofberg-freilichttheater.de\/wp-content\/uploads\/2023\/08\/theater\/chronik_schauspiele\/dielustigenweibervonwindsor\/dlwvw-01-143x300.jpg 143w, https:\/\/hofberg-freilichttheater.de\/wp-content\/uploads\/2023\/08\/theater\/chronik_schauspiele\/dielustigenweibervonwindsor\/dlwvw-01-488x1024.jpg 488w, https:\/\/hofberg-freilichttheater.de\/wp-content\/uploads\/2023\/08\/theater\/chronik_schauspiele\/dielustigenweibervonwindsor\/dlwvw-01-768x1611.jpg 768w, https:\/\/hofberg-freilichttheater.de\/wp-content\/uploads\/2023\/08\/theater\/chronik_schauspiele\/dielustigenweibervonwindsor\/dlwvw-01-732x1536.jpg 732w\" sizes=\"auto, (max-width: 836px) 100vw, 836px\" \/><\/a><\/figure>\n\n<div class=\"wp-block-post-excerpt\"><p class=\"wp-block-post-excerpt__excerpt\">Windsor im Sommer, das liebliche s\u00fcdenglische St\u00e4dtchen, gelegen am lieblichen Ufer der lieblichen Themse, gleich nebenan das k\u00f6nigliche Wochenendschloss, ein vollendeter Traum, die ideale l\u00e4ndliche Idylle. Der Park und die&hellip; <\/p><\/div><\/div>\n\n<\/li><li class=\"wp-block-post post-870 post type-post status-publish format-standard has-post-thumbnail hentry category-theater\">\n\n<div class=\"wp-block-group is-vertical is-content-justification-center is-layout-flex wp-container-core-group-is-layout-ce155fab wp-block-group-is-layout-flex\"><h6 class=\"wp-block-post-title\"><a href=\"https:\/\/hofberg-freilichttheater.de\/?p=870\" target=\"_self\" >THEATERSAISON 2012 VIEL L\u00c4RM UM NICHTS<\/a><\/h6>\n\n<figure style=\"aspect-ratio:2\/3;height:200px;\" class=\"wp-block-post-featured-image wp-duotone-unset-10\"><a href=\"https:\/\/hofberg-freilichttheater.de\/?p=870\" target=\"_self\"  style=\"height:200px\"><img loading=\"lazy\" decoding=\"async\" width=\"287\" height=\"600\" src=\"https:\/\/hofberg-freilichttheater.de\/wp-content\/uploads\/2023\/08\/theater\/chronik_schauspiele\/viel_laerm_um_nichts\/viel_laerm.jpeg\" class=\"attachment-post-thumbnail size-post-thumbnail wp-post-image\" alt=\"THEATERSAISON 2012 VIEL L\u00c4RM UM NICHTS\" style=\"width:100%;height:100%;object-fit:contain;\" srcset=\"https:\/\/hofberg-freilichttheater.de\/wp-content\/uploads\/2023\/08\/theater\/chronik_schauspiele\/viel_laerm_um_nichts\/viel_laerm.jpeg 287w, https:\/\/hofberg-freilichttheater.de\/wp-content\/uploads\/2023\/08\/theater\/chronik_schauspiele\/viel_laerm_um_nichts\/viel_laerm-144x300.jpeg 144w\" sizes=\"auto, (max-width: 287px) 100vw, 287px\" \/><\/a><\/figure>\n\n<div class=\"wp-block-post-excerpt\"><p class=\"wp-block-post-excerpt__excerpt\">Claudio und Benedikt kehren von einem erfolgreichen Feldzug zur\u00fcck, in dem sie mit Don Pedro gegen dessen Stiefbruder Don Juan gek\u00e4mpft haben. Leonato, der Gouverneur von Messina, empf\u00e4ngt sie in&hellip; <\/p><\/div><\/div>\n\n<\/li><\/ul><\/div>\n\n\n\n<div style=\"height:128px\" aria-hidden=\"true\" class=\"wp-block-spacer\"><\/div>\n\n\n\n<hr class=\"wp-block-separator has-alpha-channel-opacity is-style-wide\"\/>\n\n\n\n<div  class=\"tribe-compatibility-container\" >\n\t<div\n\t\t class=\"tribe-common tribe-events tribe-events-view tribe-events-view--widget-events-list tribe-events-widget\" \t\tdata-js=\"tribe-events-view\"\n\t\tdata-view-rest-url=\"https:\/\/hofberg-freilichttheater.de\/index.php?rest_route=\/tribe\/views\/v2\/html\"\n\t\tdata-view-manage-url=\"1\"\n\t\t\t\t\t\t\tdata-view-breakpoint-pointer=\"62331ec6-c186-436b-a779-90148c24361e\"\n\t\t\t>\n\t\t<div class=\"tribe-events-widget-events-list\">\n\n\t\t\t\n\t\t\t<script data-js=\"tribe-events-view-data\" type=\"application\/json\">\n\t{\"slug\":\"widget-events-list\",\"prev_url\":\"\",\"next_url\":\"\",\"view_class\":\"Tribe\\\\Events\\\\Views\\\\V2\\\\Views\\\\Widgets\\\\Widget_List_View\",\"view_slug\":\"widget-events-list\",\"view_label\":\"View\",\"view\":null,\"should_manage_url\":true,\"id\":null,\"alias-slugs\":null,\"title\":\"Anstehende Veranstaltungen \\u2013 Hofberg Freilichttheater Schiltberg e.V.\",\"limit\":\"10\",\"no_upcoming_events\":false,\"featured_events_only\":false,\"jsonld_enable\":true,\"tribe_is_list_widget\":false,\"admin_fields\":{\"title\":{\"label\":\"Titel:\",\"type\":\"text\",\"parent_classes\":\"\",\"classes\":\"\",\"dependency\":\"\",\"id\":\"widget-tribe-widget-events-list--1-title\",\"name\":\"widget-tribe-widget-events-list[-1][title]\",\"options\":[],\"placeholder\":\"\",\"value\":null},\"limit\":{\"label\":\"Anzeige:\",\"type\":\"number\",\"default\":5,\"min\":1,\"max\":10,\"step\":1,\"parent_classes\":\"\",\"classes\":\"\",\"dependency\":\"\",\"id\":\"widget-tribe-widget-events-list--1-limit\",\"name\":\"widget-tribe-widget-events-list[-1][limit]\",\"options\":[],\"placeholder\":\"\",\"value\":null},\"no_upcoming_events\":{\"label\":\"Blende dieses Widget aus, wenn es keine bevorstehenden Veranstaltungen gibt.\",\"type\":\"checkbox\",\"parent_classes\":\"\",\"classes\":\"\",\"dependency\":\"\",\"id\":\"widget-tribe-widget-events-list--1-no_upcoming_events\",\"name\":\"widget-tribe-widget-events-list[-1][no_upcoming_events]\",\"options\":[],\"placeholder\":\"\",\"value\":null},\"featured_events_only\":{\"label\":\"Nur auf hervorgehobene Veranstaltungen beschr\\u00e4nken\",\"type\":\"checkbox\",\"parent_classes\":\"\",\"classes\":\"\",\"dependency\":\"\",\"id\":\"widget-tribe-widget-events-list--1-featured_events_only\",\"name\":\"widget-tribe-widget-events-list[-1][featured_events_only]\",\"options\":[],\"placeholder\":\"\",\"value\":null},\"jsonld_enable\":{\"label\":\"JSON-LD-Daten generieren\",\"type\":\"checkbox\",\"parent_classes\":\"\",\"classes\":\"\",\"dependency\":\"\",\"id\":\"widget-tribe-widget-events-list--1-jsonld_enable\",\"name\":\"widget-tribe-widget-events-list[-1][jsonld_enable]\",\"options\":[],\"placeholder\":\"\",\"value\":null}},\"events\":[],\"url\":\"https:\\\/\\\/hofberg-freilichttheater.de\\\/?post_type=tribe_events&eventDisplay=widget-events-list\",\"url_event_date\":false,\"bar\":{\"keyword\":\"\",\"date\":\"\"},\"today\":\"2026-04-20 00:00:00\",\"now\":\"2026-04-20 01:01:24\",\"home_url\":\"https:\\\/\\\/hofberg-freilichttheater.de\",\"rest_url\":\"https:\\\/\\\/hofberg-freilichttheater.de\\\/index.php?rest_route=\\\/tribe\\\/views\\\/v2\\\/html\",\"rest_method\":\"GET\",\"rest_nonce\":\"\",\"today_url\":\"https:\\\/\\\/hofberg-freilichttheater.de\\\/?post_type=tribe_events&eventDisplay=widget-events-list\",\"today_title\":\"Klicke, um das heutige Datum auszuw\\u00e4hlen\",\"today_label\":\"Heute\",\"prev_label\":\"\",\"next_label\":\"\",\"date_formats\":{\"compact\":\"d\\\/m\\\/Y\",\"month_and_year_compact\":\"m\\\/Y\",\"month_and_year\":\"F Y\",\"time_range_separator\":\" - \",\"date_time_separator\":\" @ \"},\"messages\":{\"notice\":[\"Es sind keine anstehenden Veranstaltungen vorhanden.\"]},\"start_of_week\":\"1\",\"header_title\":\"\",\"header_title_element\":\"h1\",\"content_title\":\"\",\"show_content_title\":false,\"breadcrumbs\":[],\"backlink\":false,\"before_events\":\"\",\"after_events\":\"\\n<!--\\nThis calendar is powered by The Events Calendar.\\nhttp:\\\/\\\/evnt.is\\\/18wn\\n-->\\n\",\"display_events_bar\":false,\"disable_event_search\":false,\"live_refresh\":true,\"ical\":{\"display_link\":true,\"link\":{\"url\":\"https:\\\/\\\/hofberg-freilichttheater.de\\\/?post_type=tribe_events&#038;eventDisplay=widget-events-list&#038;ical=1\",\"text\":\"Veranstaltungen als iCal exportieren\",\"title\":\"Diese Funktion verwenden, um Kalenderdaten mit Google Kalender, Apple iCal und kompatiblen Apps zu teilen\"}},\"container_classes\":[\"tribe-common\",\"tribe-events\",\"tribe-events-view\",\"tribe-events-view--widget-events-list\",\"tribe-events-widget\"],\"container_data\":[],\"is_past\":false,\"breakpoints\":{\"xsmall\":500,\"medium\":768,\"full\":960},\"breakpoint_pointer\":\"62331ec6-c186-436b-a779-90148c24361e\",\"is_initial_load\":false,\"public_views\":{\"list\":{\"view_class\":\"Tribe\\\\Events\\\\Views\\\\V2\\\\Views\\\\List_View\",\"view_url\":\"https:\\\/\\\/hofberg-freilichttheater.de\\\/?post_type=tribe_events&eventDisplay=list\",\"view_label\":\"Liste\",\"aria_label\":\"Zeige Veranstaltungen in der Liste Ansicht\"},\"month\":{\"view_class\":\"Tribe\\\\Events\\\\Views\\\\V2\\\\Views\\\\Month_View\",\"view_url\":\"https:\\\/\\\/hofberg-freilichttheater.de\\\/?post_type=tribe_events&eventDisplay=month\",\"view_label\":\"Monat\",\"aria_label\":\"Zeige Veranstaltungen in der Monat Ansicht\"},\"day\":{\"view_class\":\"Tribe\\\\Events\\\\Views\\\\V2\\\\Views\\\\Day_View\",\"view_url\":\"https:\\\/\\\/hofberg-freilichttheater.de\\\/?post_type=tribe_events&eventDisplay=day\",\"view_label\":\"Tag\",\"aria_label\":\"Zeige Veranstaltungen in der Tag Ansicht\"}},\"show_latest_past\":false,\"past\":false,\"compatibility_classes\":[\"tribe-compatibility-container\"],\"view_more_text\":\"Kalender anzeigen\",\"view_more_title\":\"Weitere Veranstaltungen anzeigen.\",\"view_more_link\":\"https:\\\/\\\/hofberg-freilichttheater.de\",\"widget_title\":\"Anstehende Veranstaltungen\",\"hide_if_no_upcoming_events\":false,\"display\":[],\"subscribe_links\":{\"gcal\":{\"label\":\"Google Kalender\",\"single_label\":\"Zu Google Kalender hinzuf\\u00fcgen\",\"visible\":true,\"block_slug\":\"hasGoogleCalendar\"},\"ical\":{\"label\":\"iCalendar\",\"single_label\":\"Zu iCalendar hinzuf\\u00fcgen\",\"visible\":true,\"block_slug\":\"hasiCal\"},\"outlook-365\":{\"label\":\"Outlook 365\",\"single_label\":\"Outlook 365\",\"visible\":true,\"block_slug\":\"hasOutlook365\"},\"outlook-live\":{\"label\":\"Outlook Live\",\"single_label\":\"Outlook Live\",\"visible\":true,\"block_slug\":\"hasOutlookLive\"},\"ics\":{\"label\":\".ics-Datei exportieren\",\"single_label\":\".ics-Datei exportieren\",\"visible\":true,\"block_slug\":null},\"outlook-ics\":{\"label\":\"Exportiere Outlook .ics Datei\",\"single_label\":\"Exportiere Outlook .ics Datei\",\"visible\":true,\"block_slug\":null}},\"_context\":{\"slug\":\"widget-events-list\"}}<\/script>\n\n\t\t\t\t\t\t\t<header class=\"tribe-events-widget-events-list__header\">\n\t\t\t\t\t<h2 class=\"tribe-events-widget-events-list__header-title tribe-common-h6 tribe-common-h--alt\">\n\t\t\t\t\t\tAnstehende Veranstaltungen\t\t\t\t\t<\/h2>\n\t\t\t\t<\/header>\n\t\t\t\n\t\t\t\n\t\t\t\t<div  class=\"tribe-events-header__messages tribe-events-c-messages tribe-common-b2\"  >\n\t\t\t<div class=\"tribe-events-c-messages__message tribe-events-c-messages__message--notice\" tabindex=\"0\" role=\"alert\" aria-live=\"assertive\">\n\t\t\t<svg\n\t class=\"tribe-common-c-svgicon tribe-common-c-svgicon--messages-not-found tribe-events-c-messages__message-icon-svg\" \taria-hidden=\"true\"\n\tviewBox=\"0 0 21 23\"\n\txmlns=\"http:\/\/www.w3.org\/2000\/svg\"\n>\n\t<g fill-rule=\"evenodd\">\n\t\t<path d=\"M.5 2.5h20v20H.5z\"\/>\n\t\t<path stroke-linecap=\"round\" d=\"M7.583 11.583l5.834 5.834m0-5.834l-5.834 5.834\" class=\"tribe-common-c-svgicon__svg-stroke\"\/>\n\t\t<path stroke-linecap=\"round\" d=\"M4.5.5v4m12-4v4\"\/>\n\t\t<path stroke-linecap=\"square\" d=\"M.5 7.5h20\"\/>\n\t<\/g>\n<\/svg>\n<span class=\"tribe-common-a11y-visual-hide\">\n\tHinweis<\/span>\n\t\t\t\t\t\t\t<div\n\t\t\t\t\t data-key=\"0\" >\n\t\t\t\t\tEs sind keine anstehenden Veranstaltungen vorhanden.\t\t\t\t<\/div>\n\t\t\t\t\t<\/div>\n\t<\/div>\n\n\t\t\t\t\t<\/div>\n\t<\/div>\n<\/div>\n<script data-js='tribe-events-view-nonce-data' type='application\/json'>{\"tvn1\":\"a8efb72f6b\",\"tvn2\":\"\"}<\/script>\n\n\n\n<hr class=\"wp-block-separator has-alpha-channel-opacity is-style-wide\"\/>\n","protected":false},"excerpt":{"rendered":"<p>Bereits im Sommer 2027 inszenieren wir f\u00fcr Sie wieder ein neues St\u00fcck auf unserer Hofbergb\u00fchne! Beitr\u00e4ge \u00fcber uns<\/p>\n","protected":false},"author":1,"featured_media":0,"parent":0,"menu_order":0,"comment_status":"closed","ping_status":"closed","template":"page-large-header","meta":{"_EventAllDay":false,"_EventTimezone":"","_EventStartDate":"","_EventEndDate":"","_EventStartDateUTC":"","_EventEndDateUTC":"","_EventShowMap":false,"_EventShowMapLink":false,"_EventURL":"","_EventCost":"","_EventCostDescription":"","_EventCurrencySymbol":"","_EventCurrencyCode":"","_EventCurrencyPosition":"","_EventDateTimeSeparator":"","_EventTimeRangeSeparator":"","_EventOrganizerID":[],"_EventVenueID":[],"_OrganizerEmail":"","_OrganizerPhone":"","_OrganizerWebsite":"","_VenueAddress":"","_VenueCity":"","_VenueCountry":"","_VenueProvince":"","_VenueState":"","_VenueZip":"","_VenuePhone":"","_VenueURL":"","_VenueStateProvince":"","_VenueLat":"","_VenueLng":"","_VenueShowMap":false,"_VenueShowMapLink":false,"footnotes":""},"class_list":["post-76","page","type-page","status-publish","hentry"],"_links":{"self":[{"href":"https:\/\/hofberg-freilichttheater.de\/index.php?rest_route=\/wp\/v2\/pages\/76","targetHints":{"allow":["GET"]}}],"collection":[{"href":"https:\/\/hofberg-freilichttheater.de\/index.php?rest_route=\/wp\/v2\/pages"}],"about":[{"href":"https:\/\/hofberg-freilichttheater.de\/index.php?rest_route=\/wp\/v2\/types\/page"}],"author":[{"embeddable":true,"href":"https:\/\/hofberg-freilichttheater.de\/index.php?rest_route=\/wp\/v2\/users\/1"}],"replies":[{"embeddable":true,"href":"https:\/\/hofberg-freilichttheater.de\/index.php?rest_route=%2Fwp%2Fv2%2Fcomments&post=76"}],"version-history":[{"count":36,"href":"https:\/\/hofberg-freilichttheater.de\/index.php?rest_route=\/wp\/v2\/pages\/76\/revisions"}],"predecessor-version":[{"id":1346,"href":"https:\/\/hofberg-freilichttheater.de\/index.php?rest_route=\/wp\/v2\/pages\/76\/revisions\/1346"}],"wp:attachment":[{"href":"https:\/\/hofberg-freilichttheater.de\/index.php?rest_route=%2Fwp%2Fv2%2Fmedia&parent=76"}],"curies":[{"name":"wp","href":"https:\/\/api.w.org\/{rel}","templated":true}]}}