{"id":85,"date":"2023-07-28T10:13:04","date_gmt":"2023-07-28T10:13:04","guid":{"rendered":"https:\/\/hofberg-freilichttheater.de\/?page_id=85"},"modified":"2026-02-07T20:03:06","modified_gmt":"2026-02-07T20:03:06","slug":"vereinsfuehrung","status":"publish","type":"page","link":"https:\/\/hofberg-freilichttheater.de\/?page_id=85","title":{"rendered":"Vereinsf\u00fchrung"},"content":{"rendered":"\n<p class=\"has-large-font-size\" style=\"margin-top:var(--wp--preset--spacing--30);margin-bottom:var(--wp--preset--spacing--30)\"><strong>Vorstandschaft:<\/strong><\/p>\n\n\n\n<figure class=\"wp-block-image size-full\"><img loading=\"lazy\" decoding=\"async\" width=\"320\" height=\"240\" src=\"https:\/\/hofberg-freilichttheater.de\/wp-content\/uploads\/2026\/02\/image.jpeg\" alt=\"\" class=\"wp-image-1341\" srcset=\"https:\/\/hofberg-freilichttheater.de\/wp-content\/uploads\/2026\/02\/image.jpeg 320w, https:\/\/hofberg-freilichttheater.de\/wp-content\/uploads\/2026\/02\/image-300x225.jpeg 300w\" sizes=\"auto, (max-width: 320px) 100vw, 320px\" \/><\/figure>\n\n\n\n<p style=\"margin-top:0;margin-bottom:0\">Vereinsvorsitz: Christian Huber, Anton Koppold, Rebecca Redl<\/p>\n\n\n\n<p style=\"margin-top:0;margin-bottom:0\">Schriftf\u00fchrer: Manuela Balleis<\/p>\n\n\n\n<p style=\"margin-top:0;margin-bottom:0\">Jugendleitung: Melanie Bichlmaier<\/p>\n\n\n\n<p style=\"margin-top:0;margin-bottom:0\">Kassier: Franziska W\u00f6rle<\/p>\n\n\n\n<p><\/p>\n\n\n\n<p class=\"has-large-font-size\"><strong>Beirat:<\/strong><\/p>\n\n\n\n<figure class=\"wp-block-image size-full\"><img loading=\"lazy\" decoding=\"async\" width=\"320\" height=\"240\" src=\"https:\/\/hofberg-freilichttheater.de\/wp-content\/uploads\/2026\/02\/image-1.jpeg\" alt=\"\" class=\"wp-image-1342\" srcset=\"https:\/\/hofberg-freilichttheater.de\/wp-content\/uploads\/2026\/02\/image-1.jpeg 320w, https:\/\/hofberg-freilichttheater.de\/wp-content\/uploads\/2026\/02\/image-1-300x225.jpeg 300w\" sizes=\"auto, (max-width: 320px) 100vw, 320px\" \/><\/figure>\n\n\n\n<p style=\"margin-top:0;margin-bottom:0\">Anton Angermayr<\/p>\n\n\n\n<p style=\"margin-top:0;margin-bottom:0\">Anita Breitsameter<\/p>\n\n\n\n<p style=\"margin-top:0;margin-bottom:0\">Christian Brettmeister<\/p>\n\n\n\n<p style=\"margin-top:0;margin-bottom:0\">Gisela Brettmeister<\/p>\n\n\n\n<p style=\"margin-top:0;margin-bottom:0\">Olaf KI\u00f6ntopf<\/p>\n\n\n\n<p style=\"margin-top:0;margin-bottom:0\">Lisa Koppold<\/p>\n\n\n\n<p style=\"margin-top:0;margin-bottom:0\">Tobias Ladewig<\/p>\n\n\n\n<p style=\"margin-top:0;margin-bottom:0\">Elisabeth M\u00fcllner<\/p>\n\n\n\n<p style=\"margin-top:0;margin-bottom:0\">Hildegard Reiner<\/p>\n\n\n\n<p style=\"margin-top:0;margin-bottom:0\">Lucas Reiner<\/p>\n\n\n\n<p style=\"margin-top:0;margin-bottom:0\">Mathias Reiner<\/p>\n\n\n\n<p style=\"margin-top:0;margin-bottom:0\">Alexander Walter<\/p>\n\n\n\n<p>Anfragen an Beirat oder Vorstandschaft \u00fcber <a href=\"mailto:info@hofberg-freilichttheater.de\">info@hofberg-freilichttheater.de<\/a> <\/p>\n","protected":false},"excerpt":{"rendered":"<p>Vorstandschaft: Vereinsvorsitz: Christian Huber, Anton Koppold, Rebecca Redl Schriftf\u00fchrer: Manuela Balleis Jugendleitung: Melanie Bichlmaier Kassier: Franziska W\u00f6rle Beirat: Anton Angermayr Anita Breitsameter Christian Brettmeister Gisela Brettmeister Olaf KI\u00f6ntopf Lisa Koppold [&hellip;]<\/p>\n","protected":false},"author":1,"featured_media":0,"parent":62,"menu_order":5,"comment_status":"closed","ping_status":"closed","template":"","meta":{"_EventAllDay":false,"_EventTimezone":"","_EventStartDate":"","_EventEndDate":"","_EventStartDateUTC":"","_EventEndDateUTC":"","_EventShowMap":false,"_EventShowMapLink":false,"_EventURL":"","_EventCost":"","_EventCostDescription":"","_EventCurrencySymbol":"","_EventCurrencyCode":"","_EventCurrencyPosition":"","_EventDateTimeSeparator":"","_EventTimeRangeSeparator":"","_EventOrganizerID":[],"_EventVenueID":[],"_OrganizerEmail":"","_OrganizerPhone":"","_OrganizerWebsite":"","_VenueAddress":"","_VenueCity":"","_VenueCountry":"","_VenueProvince":"","_VenueState":"","_VenueZip":"","_VenuePhone":"","_VenueURL":"","_VenueStateProvince":"","_VenueLat":"","_VenueLng":"","_VenueShowMap":false,"_VenueShowMapLink":false,"footnotes":""},"class_list":["post-85","page","type-page","status-publish","hentry"],"_links":{"self":[{"href":"https:\/\/hofberg-freilichttheater.de\/index.php?rest_route=\/wp\/v2\/pages\/85","targetHints":{"allow":["GET"]}}],"collection":[{"href":"https:\/\/hofberg-freilichttheater.de\/index.php?rest_route=\/wp\/v2\/pages"}],"about":[{"href":"https:\/\/hofberg-freilichttheater.de\/index.php?rest_route=\/wp\/v2\/types\/page"}],"author":[{"embeddable":true,"href":"https:\/\/hofberg-freilichttheater.de\/index.php?rest_route=\/wp\/v2\/users\/1"}],"replies":[{"embeddable":true,"href":"https:\/\/hofberg-freilichttheater.de\/index.php?rest_route=%2Fwp%2Fv2%2Fcomments&post=85"}],"version-history":[{"count":5,"href":"https:\/\/hofberg-freilichttheater.de\/index.php?rest_route=\/wp\/v2\/pages\/85\/revisions"}],"predecessor-version":[{"id":1343,"href":"https:\/\/hofberg-freilichttheater.de\/index.php?rest_route=\/wp\/v2\/pages\/85\/revisions\/1343"}],"up":[{"embeddable":true,"href":"https:\/\/hofberg-freilichttheater.de\/index.php?rest_route=\/wp\/v2\/pages\/62"}],"wp:attachment":[{"href":"https:\/\/hofberg-freilichttheater.de\/index.php?rest_route=%2Fwp%2Fv2%2Fmedia&parent=85"}],"curies":[{"name":"wp","href":"https:\/\/api.w.org\/{rel}","templated":true}]}}