{"id":87,"date":"2023-07-28T10:13:28","date_gmt":"2023-07-28T10:13:28","guid":{"rendered":"https:\/\/hofberg-freilichttheater.de\/?page_id=87"},"modified":"2025-01-17T09:40:08","modified_gmt":"2025-01-17T09:40:08","slug":"ehrenmitlgieder","status":"publish","type":"page","link":"https:\/\/hofberg-freilichttheater.de\/?page_id=87","title":{"rendered":"Ehrenmitglieder"},"content":{"rendered":"\n<h4 class=\"wp-block-heading\"><strong>EHRENGALERIE DES HOFBERGVEREINS<\/strong><\/h4>\n\n\n\n<p>Leistungen und Verdienste der Ehrenmitglieder sind veranstaltungsbezogen in den Festschriften des Hofbergvereins und in den Hofberg-Jahrb\u00fcchern nachvollziehbar (1980 \u2013 2009). Die Verleihungsurkunde und die Laudatio enthalten jeweils eine pr\u00e4gnante bzw. ausf\u00fchrliche W\u00fcrdigung.<br><br><strong>Lebende Ehrenmitglieder seit 1980 in chronologischer Reihenfolge<\/strong><br><br>1. Martin Lechner<br>&#8211; Aktivist, Schiltberg<br>&#8211; Ehrenmitglied 2006<br><br>2. Hermann Finger sen.<br>&#8211; Aktivist, Schiltberg<br>&#8211; Ehrenmitglied 2007<br><br>3. Michael Schmidberger<br>&#8211; Aktivist, Schiltberg<br>&#8211; Ehrenmitglied 2010<br><br>4. Johann Lutz sen.<br>&#8211; Aktivist, Allenberg<br>&#8211; Ehrenmitglied 2011<\/p>\n\n\n\n<p>5.&nbsp;Albert Lechner<br>&#8211; Grundst\u00fccksbesitzer, Schiltberg<br>&#8211; Ehrenmitglied 2017<\/p>\n\n\n\n<p>6.&nbsp;Helga Lechner<br>&#8211; Aktivistin, Schiltberg<br>&#8211; Ehrenmitglied 2018<\/p>\n\n\n\n<p>7.&nbsp;Maria Finger<br>&#8211; Aktivistin, Schiltberg<br>&#8211; Ehrenmitglied 2018<\/p>\n\n\n<p>8. Anton Koppold<span style=\"font-size: revert; background-color: var(--wp--preset--color--base); color: var(--wp--preset--color--contrast); font-family: var(--wp--preset--font-family--system-font);\"><br \/>&#8211; Aktivist, Schiltberg<br \/>&#8211; Ehrenmitglied 2023<\/span><\/p>\n<div><br \/><br \/><strong>Verstorbene Ehrenvorsitzende und Ehrenmitglieder seit 1980 in chronologischer Reihenfolge<\/strong><br \/><br \/>1. Hans Niggl<br \/>&#8211; (1924 \u2013 1996)<br \/>&#8211; 21 Jahre Vereinsvorsitzender (15.08.1965 bis 22.11.1986)<br \/>&#8211; Ehrenvorsitzender 1986<br \/><br \/>2. Josef Lechner<br \/>&#8211; (1922 \u2013 2002)<br \/>&#8211; Gastwirt, Grundeigent\u00fcmer des Hofbergs u. a.<br \/>&#8211; Ehrenmitglied 1986<br \/><br \/>3. Anton Steurer<br \/>&#8211; (1926 \u2013 2002)<br \/>&#8211; Darsteller, Regisseur u. a. 1953 bis 1983<br \/>&#8211; Ehrenmitglied 1988<br \/><br \/>4. Ferdinand H\u00f6fels<br \/>&#8211; (1932 \u2013 2003)<br \/>&#8211; Darsteller, Regisseur<br \/>&#8211; Ehrenmitglied 1998<br \/><br \/>5. Rudolf Ott sen.<br \/>&#8211; (1938 \u2013 2004)<br \/>&#8211; Darsteller, Beirat, u. a.<br \/>&#8211; Ehrenmitglied 2003<br \/><br \/>6. Alois Kaupp sen.<br \/>&#8211; (1926 \u2013 2010)<br \/>&#8211; Gastwirt a. D., Darsteller<br \/>&#8211; Ehrenmitglied 2001<\/div>\n\n\n<p>7. Franz Xaver Schmid sen.&nbsp;<br>&#8211;&nbsp;(1928 \u2013 2017)<br>&#8211; Altb\u00fcrgermeister, Schiltberg<br>&#8211; Ehrenmitglied 1988<\/p>\n\n\n\n<p>8. Josef Bestler<br>&#8211; (1925 \u2013 2018)<br>&#8211; Altlandrat, Aichach-Oberwittelsbach<br>&#8211; Ehrenmitglied 1986<\/p>\n\n\n\n<p>9. Franz Reindl<br>&#8211; (1939 \u2013 2021)<br>&#8211; Obmann, Konsulent, Schwertberg<br>&#8211; Ehrenmitglied 1986<\/p>\n\n\n\n<p>10.Josef B\u00fcchler<br>&#8211;&nbsp;(1939 \u2013 2023)<br>&#8211; Aktivist, H\u00f6farten<br>&#8211; Ehrenmitglied 2009<br><br><strong>Die Ehrungen sind geregelt in \u00a7 5 der Vereinssatzung<\/strong><br><br>(2.) Der Verein kann einen amtierenden oder fr\u00fcheren 1. Vorsitzenden zum Ehrenvorsitzenden<br>ernennen. Der Verein kann ferner Ehrenmitglieder ernennen. Die Ernennungen erfolgen auf<br>Vorschlag des Vereinsausschusses durch die Mitgliederversammlung mit 2\/3-Mehrheit der<br>Stimmen.<br><br>(5.) Ehrenvorsitzende haben Sitz und Stimme im Beirat. Ehrenmitglieder besitzen alle<br>Mitgliedsrechte. Ehrenvorsitzende und Ehrenmitglieder sind von jeder Beitragspflicht<br>befreit. Sie haben freien Zutritt zu allen \u00f6ffentlichen Vereinsveranstaltungen.<br><br><br><strong>Ehrungsstufen im Hofbergverein<\/strong><br><br>Vereinsabzeichen in Silber<br>Vereinsabzeichen in Gold<br>Ehrenschild<br>Verdienstmedaille in Gold<br>Ehrenmitglied<br>Ehrenvorsitzender (1. Vorsitzende a. D.)<\/p>\n","protected":false},"excerpt":{"rendered":"<p>EHRENGALERIE DES HOFBERGVEREINS Leistungen und Verdienste der Ehrenmitglieder sind veranstaltungsbezogen in den Festschriften des Hofbergvereins und in den Hofberg-Jahrb\u00fcchern nachvollziehbar (1980 \u2013 2009). Die Verleihungsurkunde und die Laudatio enthalten jeweils [&hellip;]<\/p>\n","protected":false},"author":1,"featured_media":0,"parent":62,"menu_order":6,"comment_status":"closed","ping_status":"closed","template":"","meta":{"_EventAllDay":false,"_EventTimezone":"","_EventStartDate":"","_EventEndDate":"","_EventStartDateUTC":"","_EventEndDateUTC":"","_EventShowMap":false,"_EventShowMapLink":false,"_EventURL":"","_EventCost":"","_EventCostDescription":"","_EventCurrencySymbol":"","_EventCurrencyCode":"","_EventCurrencyPosition":"","_EventDateTimeSeparator":"","_EventTimeRangeSeparator":"","_EventOrganizerID":[],"_EventVenueID":[],"_OrganizerEmail":"","_OrganizerPhone":"","_OrganizerWebsite":"","_VenueAddress":"","_VenueCity":"","_VenueCountry":"","_VenueProvince":"","_VenueState":"","_VenueZip":"","_VenuePhone":"","_VenueURL":"","_VenueStateProvince":"","_VenueLat":"","_VenueLng":"","_VenueShowMap":false,"_VenueShowMapLink":false,"footnotes":""},"class_list":["post-87","page","type-page","status-publish","hentry"],"_links":{"self":[{"href":"https:\/\/hofberg-freilichttheater.de\/index.php?rest_route=\/wp\/v2\/pages\/87","targetHints":{"allow":["GET"]}}],"collection":[{"href":"https:\/\/hofberg-freilichttheater.de\/index.php?rest_route=\/wp\/v2\/pages"}],"about":[{"href":"https:\/\/hofberg-freilichttheater.de\/index.php?rest_route=\/wp\/v2\/types\/page"}],"author":[{"embeddable":true,"href":"https:\/\/hofberg-freilichttheater.de\/index.php?rest_route=\/wp\/v2\/users\/1"}],"replies":[{"embeddable":true,"href":"https:\/\/hofberg-freilichttheater.de\/index.php?rest_route=%2Fwp%2Fv2%2Fcomments&post=87"}],"version-history":[{"count":6,"href":"https:\/\/hofberg-freilichttheater.de\/index.php?rest_route=\/wp\/v2\/pages\/87\/revisions"}],"predecessor-version":[{"id":1218,"href":"https:\/\/hofberg-freilichttheater.de\/index.php?rest_route=\/wp\/v2\/pages\/87\/revisions\/1218"}],"up":[{"embeddable":true,"href":"https:\/\/hofberg-freilichttheater.de\/index.php?rest_route=\/wp\/v2\/pages\/62"}],"wp:attachment":[{"href":"https:\/\/hofberg-freilichttheater.de\/index.php?rest_route=%2Fwp%2Fv2%2Fmedia&parent=87"}],"curies":[{"name":"wp","href":"https:\/\/api.w.org\/{rel}","templated":true}]}}