{"id":91,"date":"2023-07-28T10:17:19","date_gmt":"2023-07-28T10:17:19","guid":{"rendered":"https:\/\/hofberg-freilichttheater.de\/?page_id=91"},"modified":"2025-11-02T20:41:45","modified_gmt":"2025-11-02T20:41:45","slug":"sankt-martin","status":"publish","type":"page","link":"https:\/\/hofberg-freilichttheater.de\/?page_id=91","title":{"rendered":"Sankt Martin"},"content":{"rendered":"\n<p>Die bekannte Geschichte vom hl. Sankt Martin und dem Bettler wird jedes Jahr von unserer Hofbergjugend inszeniert, einstudiert und am Sankt Martinstag aufgef\u00fchrt. <\/p>\n\n\n\n<p>Infos zur kommenden Veranstaltung gibt es <a href=\"https:\/\/hofberg-freilichttheater.de\/?tribe_events=sankt-martinsspiel\" data-type=\"link\" data-id=\"https:\/\/hofberg-freilichttheater.de\/?tribe_events=sankt-martinsspiel\">hier<\/a><\/p>\n\n\n\n<div class=\"wp-block-query alignfull is-layout-flow wp-block-query-is-layout-flow\"><ul class=\"wp-block-post-template is-layout-flow wp-block-post-template-is-layout-flow\"><li class=\"wp-block-post post-1332 post type-post status-publish format-standard has-post-thumbnail hentry category-jugend category-sankt-martin category-uncategorized\">\n\n<div class=\"wp-block-columns alignwide is-layout-flex wp-container-core-columns-is-layout-28f84493 wp-block-columns-is-layout-flex\">\n<div class=\"wp-block-column is-layout-flow wp-block-column-is-layout-flow\" style=\"flex-basis:66.66%\"><figure class=\"wp-block-post-featured-image\"><a href=\"https:\/\/hofberg-freilichttheater.de\/?p=1332\" target=\"_self\"  ><img loading=\"lazy\" decoding=\"async\" width=\"1600\" height=\"1124\" src=\"https:\/\/hofberg-freilichttheater.de\/wp-content\/uploads\/2025\/11\/Gruppenbild.jpg\" class=\"attachment-post-thumbnail size-post-thumbnail wp-post-image\" alt=\"Sankt Martin 2025\" style=\"object-fit:cover;\" srcset=\"https:\/\/hofberg-freilichttheater.de\/wp-content\/uploads\/2025\/11\/Gruppenbild.jpg 1600w, https:\/\/hofberg-freilichttheater.de\/wp-content\/uploads\/2025\/11\/Gruppenbild-300x211.jpg 300w, https:\/\/hofberg-freilichttheater.de\/wp-content\/uploads\/2025\/11\/Gruppenbild-1024x719.jpg 1024w, https:\/\/hofberg-freilichttheater.de\/wp-content\/uploads\/2025\/11\/Gruppenbild-768x540.jpg 768w, https:\/\/hofberg-freilichttheater.de\/wp-content\/uploads\/2025\/11\/Gruppenbild-1536x1079.jpg 1536w\" sizes=\"auto, (max-width: 1600px) 100vw, 1600px\" \/><\/a><\/figure><\/div>\n\n\n\n<div class=\"wp-block-column is-layout-flow wp-block-column-is-layout-flow\" style=\"flex-basis:33.33%\"><h2 class=\"wp-block-post-title\"><a href=\"https:\/\/hofberg-freilichttheater.de\/?p=1332\" target=\"_self\" >Sankt Martin 2025<\/a><\/h2>\n\n<div class=\"wp-block-post-excerpt\"><p class=\"wp-block-post-excerpt__excerpt\">Rund 400 Besucherinnen und Besucher besuchte uns am Martinstag, um das traditionelle St.-Martinsspiel der Hofbergjugend zu erleben. Die jungen Schauspielerinnen und Schauspieler beeindruckten das Publikum mit gro\u00dfem Engagement, Spielfreude und<\/p><p class=\"wp-block-post-excerpt__more-text\"><a class=\"wp-block-post-excerpt__more-link\" href=\"https:\/\/hofberg-freilichttheater.de\/?p=1332\">weiterlesen<\/a><\/p><\/div><\/div>\n<\/div>\n\n<\/li><li class=\"wp-block-post post-1301 post type-post status-publish format-standard has-post-thumbnail hentry category-jugend category-sankt-martin category-uncategorized\">\n\n<div class=\"wp-block-columns alignwide is-layout-flex wp-container-core-columns-is-layout-28f84493 wp-block-columns-is-layout-flex\">\n<div class=\"wp-block-column is-layout-flow wp-block-column-is-layout-flow\" style=\"flex-basis:66.66%\"><figure class=\"wp-block-post-featured-image\"><a href=\"https:\/\/hofberg-freilichttheater.de\/?p=1301\" target=\"_self\"  ><img loading=\"lazy\" decoding=\"async\" width=\"1600\" height=\"1200\" src=\"https:\/\/hofberg-freilichttheater.de\/wp-content\/uploads\/2025\/11\/Bild-Sankt-Martin-2024-4.jpg\" class=\"attachment-post-thumbnail size-post-thumbnail wp-post-image\" alt=\"Sankt Martin 2024\" style=\"object-fit:cover;\" srcset=\"https:\/\/hofberg-freilichttheater.de\/wp-content\/uploads\/2025\/11\/Bild-Sankt-Martin-2024-4.jpg 1600w, https:\/\/hofberg-freilichttheater.de\/wp-content\/uploads\/2025\/11\/Bild-Sankt-Martin-2024-4-300x225.jpg 300w, https:\/\/hofberg-freilichttheater.de\/wp-content\/uploads\/2025\/11\/Bild-Sankt-Martin-2024-4-1024x768.jpg 1024w, https:\/\/hofberg-freilichttheater.de\/wp-content\/uploads\/2025\/11\/Bild-Sankt-Martin-2024-4-768x576.jpg 768w, https:\/\/hofberg-freilichttheater.de\/wp-content\/uploads\/2025\/11\/Bild-Sankt-Martin-2024-4-1536x1152.jpg 1536w\" sizes=\"auto, (max-width: 1600px) 100vw, 1600px\" \/><\/a><\/figure><\/div>\n\n\n\n<div class=\"wp-block-column is-layout-flow wp-block-column-is-layout-flow\" style=\"flex-basis:33.33%\"><h2 class=\"wp-block-post-title\"><a href=\"https:\/\/hofberg-freilichttheater.de\/?p=1301\" target=\"_self\" >Sankt Martin 2024<\/a><\/h2>\n\n<div class=\"wp-block-post-excerpt\"><p class=\"wp-block-post-excerpt__excerpt\">Wie jedes Jahr fand auch am 11.11.2024 zu Ehren des Sankt Martins ein Laternenumzug samt Martinsspiel in Schiltberg statt. Begleitet von \u00f6rtlichen Blechbl\u00e4sern zog der beeindruckende Umzug von gut 300<\/p><p class=\"wp-block-post-excerpt__more-text\"><a class=\"wp-block-post-excerpt__more-link\" href=\"https:\/\/hofberg-freilichttheater.de\/?p=1301\">weiterlesen<\/a><\/p><\/div><\/div>\n<\/div>\n\n<\/li><li class=\"wp-block-post post-1165 post type-post status-publish format-standard has-post-thumbnail hentry category-sankt-martin\">\n\n<div class=\"wp-block-columns alignwide is-layout-flex wp-container-core-columns-is-layout-28f84493 wp-block-columns-is-layout-flex\">\n<div class=\"wp-block-column is-layout-flow wp-block-column-is-layout-flow\" style=\"flex-basis:66.66%\"><figure class=\"wp-block-post-featured-image\"><a href=\"https:\/\/hofberg-freilichttheater.de\/?p=1165\" target=\"_self\"  ><img loading=\"lazy\" decoding=\"async\" width=\"1600\" height=\"900\" src=\"https:\/\/hofberg-freilichttheater.de\/wp-content\/uploads\/2023\/11\/WW1JNE5EVXhZbU10WldGbHkobh5-X7Ia_L7rTvNRI8Ij8jTfhIC0TQyU2DZ7uCssM64IJQqcBkls348i3bDr8tiTTPEg6Yk2kEMFM6sGQPhtUO515XEO0pOn680aQvFHMJqxhg4Bpz7LAmYpfcsnGw1.webp\" class=\"attachment-post-thumbnail size-post-thumbnail wp-post-image\" alt=\"Sankt Martin 2023\" style=\"object-fit:cover;\" \/><\/a><\/figure><\/div>\n\n\n\n<div class=\"wp-block-column is-layout-flow wp-block-column-is-layout-flow\" style=\"flex-basis:33.33%\"><h2 class=\"wp-block-post-title\"><a href=\"https:\/\/hofberg-freilichttheater.de\/?p=1165\" target=\"_self\" >Sankt Martin 2023<\/a><\/h2>\n\n<div class=\"wp-block-post-excerpt\"><p class=\"wp-block-post-excerpt__excerpt\">ST. MARTIN 2023 AUF DER FREILICHTB\u00dcHNE Die Jugend des Schiltberger Hofberg-Freilichttheatervereins hat am Samstag vor knapp 600 gro\u00dfen und kleinen Zuschauern ein Schauspiel um den ber\u00fchmten franz\u00f6sischen Soldaten St. Martin<\/p><p class=\"wp-block-post-excerpt__more-text\"><a class=\"wp-block-post-excerpt__more-link\" href=\"https:\/\/hofberg-freilichttheater.de\/?p=1165\">weiterlesen<\/a><\/p><\/div><\/div>\n<\/div>\n\n<\/li><\/ul><\/div>\n","protected":false},"excerpt":{"rendered":"<p>Die bekannte Geschichte vom hl. Sankt Martin und dem Bettler wird jedes Jahr von unserer Hofbergjugend inszeniert, einstudiert und am Sankt Martinstag aufgef\u00fchrt. Infos zur kommenden Veranstaltung gibt es hier<\/p>\n","protected":false},"author":1,"featured_media":0,"parent":16,"menu_order":2,"comment_status":"closed","ping_status":"closed","template":"","meta":{"_EventAllDay":false,"_EventTimezone":"","_EventStartDate":"","_EventEndDate":"","_EventStartDateUTC":"","_EventEndDateUTC":"","_EventShowMap":false,"_EventShowMapLink":false,"_EventURL":"","_EventCost":"","_EventCostDescription":"","_EventCurrencySymbol":"","_EventCurrencyCode":"","_EventCurrencyPosition":"","_EventDateTimeSeparator":"","_EventTimeRangeSeparator":"","_EventOrganizerID":[],"_EventVenueID":[],"_OrganizerEmail":"","_OrganizerPhone":"","_OrganizerWebsite":"","_VenueAddress":"","_VenueCity":"","_VenueCountry":"","_VenueProvince":"","_VenueState":"","_VenueZip":"","_VenuePhone":"","_VenueURL":"","_VenueStateProvince":"","_VenueLat":"","_VenueLng":"","_VenueShowMap":false,"_VenueShowMapLink":false,"footnotes":""},"class_list":["post-91","page","type-page","status-publish","hentry"],"_links":{"self":[{"href":"https:\/\/hofberg-freilichttheater.de\/index.php?rest_route=\/wp\/v2\/pages\/91","targetHints":{"allow":["GET"]}}],"collection":[{"href":"https:\/\/hofberg-freilichttheater.de\/index.php?rest_route=\/wp\/v2\/pages"}],"about":[{"href":"https:\/\/hofberg-freilichttheater.de\/index.php?rest_route=\/wp\/v2\/types\/page"}],"author":[{"embeddable":true,"href":"https:\/\/hofberg-freilichttheater.de\/index.php?rest_route=\/wp\/v2\/users\/1"}],"replies":[{"embeddable":true,"href":"https:\/\/hofberg-freilichttheater.de\/index.php?rest_route=%2Fwp%2Fv2%2Fcomments&post=91"}],"version-history":[{"count":7,"href":"https:\/\/hofberg-freilichttheater.de\/index.php?rest_route=\/wp\/v2\/pages\/91\/revisions"}],"predecessor-version":[{"id":1331,"href":"https:\/\/hofberg-freilichttheater.de\/index.php?rest_route=\/wp\/v2\/pages\/91\/revisions\/1331"}],"up":[{"embeddable":true,"href":"https:\/\/hofberg-freilichttheater.de\/index.php?rest_route=\/wp\/v2\/pages\/16"}],"wp:attachment":[{"href":"https:\/\/hofberg-freilichttheater.de\/index.php?rest_route=%2Fwp%2Fv2%2Fmedia&parent=91"}],"curies":[{"name":"wp","href":"https:\/\/api.w.org\/{rel}","templated":true}]}}