{"id":98,"date":"2023-07-28T10:20:26","date_gmt":"2023-07-28T10:20:26","guid":{"rendered":"https:\/\/hofberg-freilichttheater.de\/?page_id=98"},"modified":"2025-11-01T21:51:26","modified_gmt":"2025-11-01T21:51:26","slug":"kerzenziehen","status":"publish","type":"page","link":"https:\/\/hofberg-freilichttheater.de\/?page_id=98","title":{"rendered":"Kerzenziehen"},"content":{"rendered":"\n<p><strong>Jedes Jahr zur Weihnachtszeit findet auf unserer Freilichtb\u00fchne das traditionelle adventliche Kerzenziehen statt.<\/strong><\/p>\n\n\n\n<p>Bei sch\u00f6nster Atmosph\u00e4re entstehen hier wundersch\u00f6ne Einzelst\u00fccke. Alle, die ein besonderes selbstgemachtes Weihnachtsgeschenk &#8211; f\u00fcr sich selbst oder die Liebsten &#8211; kreieren m\u00f6chten, sind herzlich eingeladen.<strong> Eine Anmeldung ist nicht erforderlich.<\/strong><\/p>\n\n\n\n<p class=\"has-large-font-size\">Die Termine <strong>2025 <\/strong>sind:<\/p>\n\n\n\n<p><strong>Sonntag, 23.11.2025<\/strong><\/p>\n\n\n\n<p style=\"margin-top:0;margin-right:0;margin-bottom:0;margin-left:0\">13:00&nbsp;\u2013&nbsp;17:00 Uhr<\/p>\n\n\n\n<p><strong>Samstag, 29.11.2025<\/strong><\/p>\n\n\n\n<p style=\"margin-top:0;margin-bottom:0\">16:00&nbsp;\u2013&nbsp;20:00 Uhr<\/p>\n\n\n\n<p><strong>Sonntag, 30.11.2025<\/strong><\/p>\n\n\n\n<p style=\"margin-top:0;margin-bottom:0\">13:00 \u2013&nbsp;17:00 Uhr<\/p>\n\n\n\n<p><strong>Sonntag, 07.12.2025<\/strong><\/p>\n\n\n\n<p style=\"margin-top:0;margin-bottom:0\">13:00 \u2013&nbsp;17:00 Uhr<\/p>\n\n\n\n<p><strong>Samstag, 13.12.2025<\/strong><\/p>\n\n\n\n<p style=\"margin-top:0;margin-bottom:0\">16:00&nbsp;\u2013&nbsp;20:00 Uhr<\/p>\n\n\n\n<p><strong>Sonntag, 14.12.2025<\/strong><\/p>\n\n\n\n<p style=\"margin-top:0;margin-bottom:0\">13:00&nbsp;\u2013&nbsp;17:00 Uhr<\/p>\n\n\n\n<p><strong>Samstag, 20.12.2025<\/strong><\/p>\n\n\n\n<p style=\"margin-top:0;margin-bottom:0\">16:00&nbsp;\u2013&nbsp;20:00 Uhr<\/p>\n\n\n\n<p><strong>Sonntag, 21.12.2025<\/strong><\/p>\n\n\n\n<p style=\"margin-top:0;margin-bottom:0\">13:00 &#8211; 17:00 Uhr<\/p>\n\n\n\n<p style=\"margin-top:var(--wp--preset--spacing--40);margin-bottom:var(--wp--preset--spacing--40)\"><strong><a href=\"https:\/\/hofberg-freilichttheater.de\/?post_type=tribe_events\" data-type=\"link\" data-id=\"https:\/\/hofberg-freilichttheater.de\/?post_type=tribe_events\">Alle Veranstaltungen im \u00dcberblick<\/a><\/strong><\/p>\n\n\n\n<p style=\"margin-top:var(--wp--preset--spacing--40);margin-bottom:var(--wp--preset--spacing--40)\">Mit Getr\u00e4nken sowie Kinderpunsch und Gl\u00fchwein kann sich versorgt werden. Au\u00dferdem bietet unsere flei\u00dfige <a href=\"https:\/\/hofberg-freilichttheater.de\/?page_id=16\" data-type=\"link\" data-id=\"https:\/\/hofberg-freilichttheater.de\/?page_id=16\">Hofberg-Jugend <\/a>jeden Sonntag einen Waffelverkauf an.<\/p>\n\n\n\n<p>Wenn Sie Fragen haben, wenden Sie sich an <a href=\"mailto:kerzenziehen@hofberg-freilichttheater.de\">kerzenziehen@hofberg-freilichttheater.de<\/a><\/p>\n","protected":false},"excerpt":{"rendered":"<p>Jedes Jahr zur Weihnachtszeit findet auf unserer Freilichtb\u00fchne das traditionelle adventliche Kerzenziehen statt. Bei sch\u00f6nster Atmosph\u00e4re entstehen hier wundersch\u00f6ne Einzelst\u00fccke. Alle, die ein besonderes selbstgemachtes Weihnachtsgeschenk &#8211; f\u00fcr sich selbst [&hellip;]<\/p>\n","protected":false},"author":1,"featured_media":1018,"parent":0,"menu_order":4,"comment_status":"closed","ping_status":"closed","template":"","meta":{"_EventAllDay":false,"_EventTimezone":"","_EventStartDate":"","_EventEndDate":"","_EventStartDateUTC":"","_EventEndDateUTC":"","_EventShowMap":false,"_EventShowMapLink":false,"_EventURL":"","_EventCost":"","_EventCostDescription":"","_EventCurrencySymbol":"","_EventCurrencyCode":"","_EventCurrencyPosition":"","_EventDateTimeSeparator":"","_EventTimeRangeSeparator":"","_EventOrganizerID":[],"_EventVenueID":[],"_OrganizerEmail":"","_OrganizerPhone":"","_OrganizerWebsite":"","_VenueAddress":"","_VenueCity":"","_VenueCountry":"","_VenueProvince":"","_VenueState":"","_VenueZip":"","_VenuePhone":"","_VenueURL":"","_VenueStateProvince":"","_VenueLat":"","_VenueLng":"","_VenueShowMap":false,"_VenueShowMapLink":false,"footnotes":""},"class_list":["post-98","page","type-page","status-publish","has-post-thumbnail","hentry"],"_links":{"self":[{"href":"https:\/\/hofberg-freilichttheater.de\/index.php?rest_route=\/wp\/v2\/pages\/98","targetHints":{"allow":["GET"]}}],"collection":[{"href":"https:\/\/hofberg-freilichttheater.de\/index.php?rest_route=\/wp\/v2\/pages"}],"about":[{"href":"https:\/\/hofberg-freilichttheater.de\/index.php?rest_route=\/wp\/v2\/types\/page"}],"author":[{"embeddable":true,"href":"https:\/\/hofberg-freilichttheater.de\/index.php?rest_route=\/wp\/v2\/users\/1"}],"replies":[{"embeddable":true,"href":"https:\/\/hofberg-freilichttheater.de\/index.php?rest_route=%2Fwp%2Fv2%2Fcomments&post=98"}],"version-history":[{"count":10,"href":"https:\/\/hofberg-freilichttheater.de\/index.php?rest_route=\/wp\/v2\/pages\/98\/revisions"}],"predecessor-version":[{"id":1272,"href":"https:\/\/hofberg-freilichttheater.de\/index.php?rest_route=\/wp\/v2\/pages\/98\/revisions\/1272"}],"wp:featuredmedia":[{"embeddable":true,"href":"https:\/\/hofberg-freilichttheater.de\/index.php?rest_route=\/wp\/v2\/media\/1018"}],"wp:attachment":[{"href":"https:\/\/hofberg-freilichttheater.de\/index.php?rest_route=%2Fwp%2Fv2%2Fmedia&parent=98"}],"curies":[{"name":"wp","href":"https:\/\/api.w.org\/{rel}","templated":true}]}}